{"id":378,"date":"2022-04-05T22:30:05","date_gmt":"2022-04-05T22:30:05","guid":{"rendered":"https:\/\/malin-lamparter.de\/?page_id=378"},"modified":"2022-04-25T22:45:58","modified_gmt":"2022-04-25T22:45:58","slug":"lampartheim","status":"publish","type":"page","link":"https:\/\/malin-lamparter.de\/startseite\/lampartheim\/","title":{"rendered":"Lampartheim"},"content":{"rendered":"<p>[et_pb_section fb_built=&#8220;1&#8243; disabled_on=&#8220;off|off|on&#8220; _builder_version=&#8220;4.16.1&#8243; _module_preset=&#8220;default&#8220; background_color=&#8220;#99BDD6&#8243; custom_margin=&#8220;0px||||false|false&#8220; custom_padding=&#8220;0px||0px||false|false&#8220; collapsed=&#8220;off&#8220; global_colors_info=&#8220;{}&#8220; theme_builder_area=&#8220;post_content&#8220;][et_pb_row column_structure=&#8220;1_2&#8243; _builder_version=&#8220;4.16.1&#8243; _module_preset=&#8220;default&#8220; width=&#8220;98%&#8220; custom_padding=&#8220;0px||0px||true|false&#8220; global_colors_info=&#8220;{}&#8220; theme_builder_area=&#8220;post_content&#8220;][et_pb_column type=&#8220;1_2&#8243; _builder_version=&#8220;4.16&#8243; _module_preset=&#8220;default&#8220; global_colors_info=&#8220;{}&#8220; theme_builder_area=&#8220;post_content&#8220;][et_pb_text disabled_on=&#8220;off|off|on&#8220; _builder_version=&#8220;4.16.1&#8243; _module_preset=&#8220;default&#8220; text_font=&#8220;Lato|300|||||||&#8220; text_text_color=&#8220;#FFFF47&#8243; text_font_size=&#8220;20px&#8220; link_font=&#8220;Lato||||||||&#8220; link_text_color=&#8220;#FFFF47&#8243; background_color=&#8220;#99BDD6&#8243; text_orientation=&#8220;right&#8220; custom_margin=&#8220;0px||0px||true|false&#8220; custom_padding=&#8220;1px|10px|1px|10px|true|true&#8220; sticky_position=&#8220;top&#8220; sticky_transition=&#8220;off&#8220; border_width_all=&#8220;2px&#8220; border_color_all=&#8220;#FFFF47&#8243; global_colors_info=&#8220;{}&#8220; custom_margin__sticky_enabled=&#8220;on|desktop&#8220; custom_margin__sticky=&#8220;||||false|false&#8220; theme_builder_area=&#8220;post_content&#8220;]<\/p>\n<p><a href=\"mailto:malin.lamparter@gmail.com\">malin.lamparter@gmail.com<\/a><\/p>\n<p>[\/et_pb_text][et_pb_text _builder_version=&#8220;4.16&#8243; _module_preset=&#8220;default&#8220; text_font=&#8220;Lato|700|||||||&#8220; text_text_color=&#8220;#FFFF47&#8243; text_font_size=&#8220;16px&#8220; background_color=&#8220;#99BDD6&#8243; text_orientation=&#8220;right&#8220; custom_margin=&#8220;0px||0px||true|false&#8220; custom_padding=&#8220;3px|10px|3px|10px|true|true&#8220; global_colors_info=&#8220;{}&#8220; theme_builder_area=&#8220;post_content&#8220;]<\/p>\n<p>Malin Lamparter<br \/>Regie und Text<\/p>\n<p>[\/et_pb_text][et_pb_menu active_link_color=&#8220;#FFFF47&#8243; dropdown_menu_bg_color=&#8220;#99BDD6&#8243; dropdown_menu_line_color=&#8220;#D4DDED&#8220; dropdown_menu_text_color=&#8220;#F5F3F6&#8243; dropdown_menu_active_link_color=&#8220;#D4DDED&#8220; mobile_menu_bg_color=&#8220;#99BDD6&#8243; mobile_menu_text_color=&#8220;#F5F3F6&#8243; menu_icon_color=&#8220;#FFFF47&#8243; _builder_version=&#8220;4.16.1&#8243; _module_preset=&#8220;default&#8220; menu_font=&#8220;Lato||||||||&#8220; menu_text_color=&#8220;#00070C&#8220; background_color=&#8220;#99BDD6&#8243; sticky_position=&#8220;top&#8220; sticky_transition=&#8220;off&#8220; global_colors_info=&#8220;{}&#8220; theme_builder_area=&#8220;post_content&#8220;][\/et_pb_menu][\/et_pb_column][\/et_pb_row][\/et_pb_section][et_pb_section fb_built=&#8220;1&#8243; _builder_version=&#8220;4.16.1&#8243; _module_preset=&#8220;default&#8220; background_color_gradient_start=&#8220;rgba(212,221,237,0.49)&#8220; background_color_gradient_end=&#8220;rgba(255,255,255,0)&#8220; background_image=&#8220;http:\/\/malin-lamparter.de\/wp-content\/uploads\/2021\/12\/IMG_20190203_124648_650_resized-scaled.jpg&#8220; custom_padding=&#8220;300px||50px||false|false&#8220; global_colors_info=&#8220;{}&#8220; collapsed=&#8220;on&#8220;][et_pb_row _builder_version=&#8220;4.17.3&#8243; _module_preset=&#8220;default&#8220; global_colors_info=&#8220;{}&#8220;][et_pb_column type=&#8220;4_4&#8243; _builder_version=&#8220;4.17.3&#8243; _module_preset=&#8220;default&#8220; global_colors_info=&#8220;{}&#8220;][et_pb_button button_url=&#8220;https:\/\/malin-lamparter.de\/startseite\/&#8220; button_text=&#8220;Startseite&#8220; button_alignment=&#8220;left&#8220; disabled_on=&#8220;on|on|off&#8220; _builder_version=&#8220;4.17.3&#8243; _module_preset=&#8220;default&#8220; custom_button=&#8220;on&#8220; button_text_color=&#8220;#FFFF47&#8243; button_border_width=&#8220;1px&#8220; button_border_radius=&#8220;1px&#8220; button_font=&#8220;Lato|300|||||||&#8220; custom_margin=&#8220;-250px||||false|false&#8220; global_colors_info=&#8220;{}&#8220;][\/et_pb_button][\/et_pb_column][\/et_pb_row][et_pb_row column_structure=&#8220;1_2,1_2&#8243; _builder_version=&#8220;4.16&#8243; _module_preset=&#8220;default&#8220; global_colors_info=&#8220;{}&#8220;][et_pb_column type=&#8220;1_2&#8243; _builder_version=&#8220;4.16&#8243; _module_preset=&#8220;default&#8220; global_colors_info=&#8220;{}&#8220;][\/et_pb_column][et_pb_column type=&#8220;1_2&#8243; _builder_version=&#8220;4.16&#8243; _module_preset=&#8220;default&#8220; global_colors_info=&#8220;{}&#8220;][et_pb_text _builder_version=&#8220;4.16.1&#8243; _module_preset=&#8220;default&#8220; text_font=&#8220;Lato||||||||&#8220; text_text_color=&#8220;#F5F3F6&#8243; text_font_size=&#8220;18px&#8220; text_letter_spacing=&#8220;1px&#8220; header_font=&#8220;Lato|700|||||||&#8220; header_text_align=&#8220;right&#8220; header_text_color=&#8220;#FFFF47&#8243; header_font_size=&#8220;40px&#8220; header_letter_spacing=&#8220;2px&#8220; header_line_height=&#8220;1.1em&#8220; text_orientation=&#8220;right&#8220; global_colors_info=&#8220;{}&#8220;]<\/p>\n<h1>Lampartheim<\/h1>\n<p>[\/et_pb_text][\/et_pb_column][\/et_pb_row][\/et_pb_section][et_pb_section fb_built=&#8220;1&#8243; _builder_version=&#8220;4.16.1&#8243; _module_preset=&#8220;default&#8220; background_color=&#8220;#D4DDED&#8220; global_colors_info=&#8220;{}&#8220;][et_pb_row column_structure=&#8220;1_2,1_2&#8243; _builder_version=&#8220;4.16.1&#8243; _module_preset=&#8220;default&#8220; width_tablet=&#8220;95%&#8220; width_phone=&#8220;98%&#8220; width_last_edited=&#8220;on|tablet&#8220; global_colors_info=&#8220;{}&#8220;][et_pb_column type=&#8220;1_2&#8243; _builder_version=&#8220;4.16&#8243; _module_preset=&#8220;default&#8220; global_colors_info=&#8220;{}&#8220;][et_pb_image src=&#8220;http:\/\/malin-lamparter.de\/wp-content\/uploads\/2022\/04\/WhatsApp-Image-2022-04-05-at-20.23.49-2.jpeg&#8220; title_text=&#8220;WhatsApp Image 2022-04-05 at 20.23.49 (2)&#8220; _builder_version=&#8220;4.16.1&#8243; _module_preset=&#8220;default&#8220; global_colors_info=&#8220;{}&#8220;][\/et_pb_image][\/et_pb_column][et_pb_column type=&#8220;1_2&#8243; _builder_version=&#8220;4.16&#8243; _module_preset=&#8220;default&#8220; global_colors_info=&#8220;{}&#8220;][et_pb_text _builder_version=&#8220;4.16.1&#8243; _module_preset=&#8220;default&#8220; text_font=&#8220;Lato||||||||&#8220; text_font_size=&#8220;18px&#8220; text_letter_spacing=&#8220;1px&#8220; link_text_color=&#8220;#FFFF47&#8243; custom_margin=&#8220;80px||80px||true|false&#8220; custom_margin_tablet=&#8220;10px||10px||true|false&#8220; custom_margin_phone=&#8220;0px||0px||true|false&#8220; custom_margin_last_edited=&#8220;on|desktop&#8220; custom_padding=&#8220;5px|5px|5px|5px|true|true&#8220; border_width_all=&#8220;2px&#8220; border_color_all=&#8220;#FFFF47&#8243; global_colors_info=&#8220;{}&#8220;]<\/p>\n<p>Privatwohnung, Frankfurt a.M.<\/p>\n<p>Performance zum Wohnungsmangel<\/p>\n<p>Premiere: 14. Februar 2020<\/p>\n<p>Konzept: Malin Lamparter<\/p>\n<p>Mitbewohner: Anna Bardavelidze, Jette B\u00fcshel, Simon Schwan<\/p>\n<p><a href=\"https:\/\/www.faz.net\/aktuell\/rhein-main\/frankfurt\/frankfurter-studenten-machen-auf-wohnungsmangel-aufmerksam-16469009.html\">Bericht der FAZ lesen<\/a><\/p>\n<p>[\/et_pb_text][\/et_pb_column][\/et_pb_row][et_pb_row column_structure=&#8220;2_3,1_3&#8243; _builder_version=&#8220;4.16.1&#8243; _module_preset=&#8220;default&#8220; width_tablet=&#8220;95%&#8220; width_phone=&#8220;99%&#8220; width_last_edited=&#8220;on|tablet&#8220; global_colors_info=&#8220;{}&#8220;][et_pb_column type=&#8220;2_3&#8243; _builder_version=&#8220;4.16&#8243; _module_preset=&#8220;default&#8220; global_colors_info=&#8220;{}&#8220;][et_pb_text _builder_version=&#8220;4.16.1&#8243; _module_preset=&#8220;default&#8220; text_font=&#8220;Lato||||||||&#8220; text_font_size=&#8220;18px&#8220; text_letter_spacing=&#8220;1px&#8220; text_line_height=&#8220;1.8em&#8220; link_text_color=&#8220;#FFFF47&#8243; custom_margin=&#8220;20px||20px||true|false&#8220; custom_margin_tablet=&#8220;10px||10px||true|false&#8220; custom_margin_phone=&#8220;0px||0px||true|false&#8220; custom_margin_last_edited=&#8220;on|desktop&#8220; custom_padding=&#8220;5px|15px|5px|15px|true|true&#8220; border_width_all=&#8220;2px&#8220; border_color_all=&#8220;#FFFF47&#8243; global_colors_info=&#8220;{}&#8220;]<\/p>\n<p>Wovon soll man bei steigenden Kosten seine Miete bezahlen?<br \/>Wie wichtig ist Zuhause und Privatsph\u00e4re, und wer kann sich das \u00fcberhaupt noch leisten?<br \/>Wie lebt es sich zu 4. in einem Zimmer?<\/p>\n<p>4 Studierende starten einen Versuch und dokumentieren ihn \u00fcber Instagram.<\/p>\n<p>m Baf\u00f6g-Regelsatz ist ein l\u00e4cherlich geringer Betrag f\u00fcr Wohnen genannt, von dem, zumindest in Frankfurt, kein Mensch ein WG-Zimmer, oder Wohnung finden kann. 2019 lag dieser bei 180 Euro. Wie soll also das studentische Wohnen der Zukunft aussehen? Ist weniger Raum und damit das Ende jeglicher Privatsph\u00e4re die L\u00f6sung?<br \/>Wir starten den Versuch, und wohnen mit 4 Personen in einer 1-Zimmerwohnung mit 20 m2.<a href=\"https:\/\/www.faz.net\/aktuell\/rhein-main\/frankfurt\/frankfurter-studenten-machen-auf-wohnungsmangel-aufmerksam-16469009.html\"><\/a><\/p>\n<p>[\/et_pb_text][\/et_pb_column][et_pb_column type=&#8220;1_3&#8243; _builder_version=&#8220;4.16&#8243; _module_preset=&#8220;default&#8220; global_colors_info=&#8220;{}&#8220;][et_pb_image src=&#8220;http:\/\/malin-lamparter.de\/wp-content\/uploads\/2022\/04\/WhatsApp-Image-2022-04-05-at-20.23.49-1.jpeg&#8220; title_text=&#8220;WhatsApp Image 2022-04-05 at 20.23.49 (1)&#8220; _builder_version=&#8220;4.16.1&#8243; _module_preset=&#8220;default&#8220; global_colors_info=&#8220;{}&#8220;][\/et_pb_image][\/et_pb_column][\/et_pb_row][\/et_pb_section]<\/p>\n","protected":false},"excerpt":{"rendered":"<p>malin.lamparter@gmail.comMalin LamparterRegie und TextLampartheimPrivatwohnung, Frankfurt a.M. Performance zum Wohnungsmangel Premiere: 14. Februar 2020 Konzept: Malin Lamparter Mitbewohner: Anna Bardavelidze, Jette B\u00fcshel, Simon Schwan Bericht der FAZ lesenWovon soll man bei steigenden Kosten seine Miete bezahlen?Wie wichtig ist Zuhause und Privatsph\u00e4re, und wer kann sich das \u00fcberhaupt noch leisten?Wie lebt es sich zu 4. in einem [&hellip;]<\/p>\n","protected":false},"author":1,"featured_media":0,"parent":0,"menu_order":0,"comment_status":"closed","ping_status":"closed","template":"","meta":{"_et_pb_use_builder":"on","_et_pb_old_content":"","_et_gb_content_width":"","footnotes":""},"class_list":["post-378","page","type-page","status-publish","hentry"],"_links":{"self":[{"href":"https:\/\/malin-lamparter.de\/startseite\/wp-json\/wp\/v2\/pages\/378","targetHints":{"allow":["GET"]}}],"collection":[{"href":"https:\/\/malin-lamparter.de\/startseite\/wp-json\/wp\/v2\/pages"}],"about":[{"href":"https:\/\/malin-lamparter.de\/startseite\/wp-json\/wp\/v2\/types\/page"}],"author":[{"embeddable":true,"href":"https:\/\/malin-lamparter.de\/startseite\/wp-json\/wp\/v2\/users\/1"}],"replies":[{"embeddable":true,"href":"https:\/\/malin-lamparter.de\/startseite\/wp-json\/wp\/v2\/comments?post=378"}],"version-history":[{"count":7,"href":"https:\/\/malin-lamparter.de\/startseite\/wp-json\/wp\/v2\/pages\/378\/revisions"}],"predecessor-version":[{"id":644,"href":"https:\/\/malin-lamparter.de\/startseite\/wp-json\/wp\/v2\/pages\/378\/revisions\/644"}],"wp:attachment":[{"href":"https:\/\/malin-lamparter.de\/startseite\/wp-json\/wp\/v2\/media?parent=378"}],"curies":[{"name":"wp","href":"https:\/\/api.w.org\/{rel}","templated":true}]}}