{"id":391,"date":"2022-04-05T22:30:38","date_gmt":"2022-04-05T22:30:38","guid":{"rendered":"https:\/\/malin-lamparter.de\/?page_id=391"},"modified":"2022-04-25T22:46:52","modified_gmt":"2022-04-25T22:46:52","slug":"fisch-und-flieder","status":"publish","type":"page","link":"https:\/\/malin-lamparter.de\/startseite\/fisch-und-flieder\/","title":{"rendered":"Fisch und Flieder"},"content":{"rendered":"<p>[et_pb_section fb_built=&#8220;1&#8243; disabled_on=&#8220;off|off|on&#8220; _builder_version=&#8220;4.16.1&#8243; _module_preset=&#8220;default&#8220; background_color=&#8220;#99BDD6&#8243; custom_margin=&#8220;0px||||false|false&#8220; custom_padding=&#8220;0px||0px||false|false&#8220; collapsed=&#8220;off&#8220; global_colors_info=&#8220;{}&#8220; theme_builder_area=&#8220;post_content&#8220;][et_pb_row column_structure=&#8220;1_2&#8243; _builder_version=&#8220;4.16.1&#8243; _module_preset=&#8220;default&#8220; width=&#8220;98%&#8220; custom_padding=&#8220;0px||0px||true|false&#8220; global_colors_info=&#8220;{}&#8220; theme_builder_area=&#8220;post_content&#8220;][et_pb_column type=&#8220;1_2&#8243; _builder_version=&#8220;4.16&#8243; _module_preset=&#8220;default&#8220; global_colors_info=&#8220;{}&#8220; theme_builder_area=&#8220;post_content&#8220;][et_pb_text disabled_on=&#8220;off|off|on&#8220; _builder_version=&#8220;4.16.1&#8243; _module_preset=&#8220;default&#8220; text_font=&#8220;Lato|300|||||||&#8220; text_text_color=&#8220;#FFFF47&#8243; text_font_size=&#8220;20px&#8220; link_font=&#8220;Lato||||||||&#8220; link_text_color=&#8220;#FFFF47&#8243; background_color=&#8220;#99BDD6&#8243; text_orientation=&#8220;right&#8220; custom_margin=&#8220;0px||0px||true|false&#8220; custom_padding=&#8220;1px|10px|1px|10px|true|true&#8220; sticky_position=&#8220;top&#8220; sticky_transition=&#8220;off&#8220; border_width_all=&#8220;2px&#8220; border_color_all=&#8220;#FFFF47&#8243; global_colors_info=&#8220;{}&#8220; custom_margin__sticky_enabled=&#8220;on|desktop&#8220; custom_margin__sticky=&#8220;||||false|false&#8220; theme_builder_area=&#8220;post_content&#8220;]<\/p>\n<p><a href=\"mailto:malin.lamparter@gmail.com\">malin.lamparter@gmail.com<\/a><\/p>\n<p>[\/et_pb_text][et_pb_text _builder_version=&#8220;4.16&#8243; _module_preset=&#8220;default&#8220; text_font=&#8220;Lato|700|||||||&#8220; text_text_color=&#8220;#FFFF47&#8243; text_font_size=&#8220;16px&#8220; background_color=&#8220;#99BDD6&#8243; text_orientation=&#8220;right&#8220; custom_margin=&#8220;0px||0px||true|false&#8220; custom_padding=&#8220;3px|10px|3px|10px|true|true&#8220; global_colors_info=&#8220;{}&#8220; theme_builder_area=&#8220;post_content&#8220;]<\/p>\n<p>Malin Lamparter<br \/>Regie und Text<\/p>\n<p>[\/et_pb_text][et_pb_menu active_link_color=&#8220;#FFFF47&#8243; dropdown_menu_bg_color=&#8220;#99BDD6&#8243; dropdown_menu_line_color=&#8220;#D4DDED&#8220; dropdown_menu_text_color=&#8220;#F5F3F6&#8243; dropdown_menu_active_link_color=&#8220;#D4DDED&#8220; mobile_menu_bg_color=&#8220;#99BDD6&#8243; mobile_menu_text_color=&#8220;#F5F3F6&#8243; menu_icon_color=&#8220;#FFFF47&#8243; _builder_version=&#8220;4.16.1&#8243; _module_preset=&#8220;default&#8220; menu_font=&#8220;Lato||||||||&#8220; menu_text_color=&#8220;#00070C&#8220; background_color=&#8220;#99BDD6&#8243; sticky_position=&#8220;top&#8220; sticky_transition=&#8220;off&#8220; global_colors_info=&#8220;{}&#8220; theme_builder_area=&#8220;post_content&#8220;][\/et_pb_menu][\/et_pb_column][\/et_pb_row][\/et_pb_section][et_pb_section fb_built=&#8220;1&#8243; _builder_version=&#8220;4.17.3&#8243; _module_preset=&#8220;default&#8220; background_color_gradient_start=&#8220;rgba(212,221,237,0.49)&#8220; background_color_gradient_end=&#8220;rgba(255,255,255,0)&#8220; background_image=&#8220;http:\/\/malin-lamparter.de\/wp-content\/uploads\/2021\/12\/fish-gc1af85e62_1280.jpg&#8220; custom_padding=&#8220;250px||50px||false|false&#8220; global_colors_info=&#8220;{}&#8220; collapsed=&#8220;on&#8220;][et_pb_row _builder_version=&#8220;4.17.3&#8243; _module_preset=&#8220;default&#8220; global_colors_info=&#8220;{}&#8220;][et_pb_column type=&#8220;4_4&#8243; _builder_version=&#8220;4.17.3&#8243; _module_preset=&#8220;default&#8220; global_colors_info=&#8220;{}&#8220;][et_pb_button button_url=&#8220;https:\/\/malin-lamparter.de\/startseite\/&#8220; button_text=&#8220;Startseite&#8220; button_alignment=&#8220;left&#8220; disabled_on=&#8220;on|on|off&#8220; _builder_version=&#8220;4.17.3&#8243; _module_preset=&#8220;default&#8220; custom_button=&#8220;on&#8220; button_text_color=&#8220;#FFFF47&#8243; button_border_width=&#8220;1px&#8220; button_border_radius=&#8220;1px&#8220; button_font=&#8220;Lato|300|||||||&#8220; custom_margin=&#8220;-250px||||false|false&#8220; global_colors_info=&#8220;{}&#8220;][\/et_pb_button][\/et_pb_column][\/et_pb_row][et_pb_row column_structure=&#8220;1_2,1_2&#8243; _builder_version=&#8220;4.16&#8243; _module_preset=&#8220;default&#8220; global_colors_info=&#8220;{}&#8220;][et_pb_column type=&#8220;1_2&#8243; _builder_version=&#8220;4.16&#8243; _module_preset=&#8220;default&#8220; global_colors_info=&#8220;{}&#8220;][\/et_pb_column][et_pb_column type=&#8220;1_2&#8243; _builder_version=&#8220;4.16&#8243; _module_preset=&#8220;default&#8220; global_colors_info=&#8220;{}&#8220;][et_pb_text _builder_version=&#8220;4.16.1&#8243; _module_preset=&#8220;default&#8220; text_font=&#8220;Lato|300|||||||&#8220; text_text_color=&#8220;#F5F3F6&#8243; text_font_size=&#8220;20px&#8220; text_letter_spacing=&#8220;1px&#8220; header_font=&#8220;Lato|300|||||||&#8220; header_text_align=&#8220;right&#8220; header_text_color=&#8220;#FFFF47&#8243; header_font_size=&#8220;44px&#8220; header_letter_spacing=&#8220;2px&#8220; header_line_height=&#8220;1.1em&#8220; text_orientation=&#8220;right&#8220; global_colors_info=&#8220;{}&#8220;]<\/p>\n<h1>Irgendwo zwischen Fisch und Flieder<\/h1>\n<p>Ein Abend \u00fcber weibliche Lust in Zeiten von #metoo<\/p>\n<p>[\/et_pb_text][\/et_pb_column][\/et_pb_row][\/et_pb_section][et_pb_section fb_built=&#8220;1&#8243; _builder_version=&#8220;4.16.1&#8243; _module_preset=&#8220;default&#8220; background_color=&#8220;#D4DDED&#8220; global_colors_info=&#8220;{}&#8220;][et_pb_row column_structure=&#8220;2_3,1_3&#8243; _builder_version=&#8220;4.16.1&#8243; _module_preset=&#8220;default&#8220; width_tablet=&#8220;95%&#8220; width_phone=&#8220;98%&#8220; width_last_edited=&#8220;on|tablet&#8220; global_colors_info=&#8220;{}&#8220;][et_pb_column type=&#8220;2_3&#8243; _builder_version=&#8220;4.16&#8243; _module_preset=&#8220;default&#8220; global_colors_info=&#8220;{}&#8220;][et_pb_video src=&#8220;https:\/\/vimeo.com\/502209459\/58a6360f58&#8243; _builder_version=&#8220;4.16.1&#8243; _module_preset=&#8220;default&#8220; global_colors_info=&#8220;{}&#8220;][\/et_pb_video][\/et_pb_column][et_pb_column type=&#8220;1_3&#8243; _builder_version=&#8220;4.16&#8243; _module_preset=&#8220;default&#8220; global_colors_info=&#8220;{}&#8220;][et_pb_text _builder_version=&#8220;4.16.1&#8243; _module_preset=&#8220;default&#8220; text_font=&#8220;Lato|300|||||||&#8220; text_text_color=&#8220;#00070C&#8220; text_font_size=&#8220;18px&#8220; text_letter_spacing=&#8220;1px&#8220; custom_margin=&#8220;10px||10px||true|false&#8220; custom_margin_tablet=&#8220;10px||10px||true|false&#8220; custom_margin_phone=&#8220;0px||0px||true|false&#8220; custom_margin_last_edited=&#8220;on|phone&#8220; custom_padding=&#8220;5px|5px|5px|5px|true|true&#8220; border_width_all=&#8220;2px&#8220; border_color_all=&#8220;#FFFF47&#8243; global_colors_info=&#8220;{}&#8220;]<\/p>\n<p>Theater Koblenz<\/p>\n<p>Eine St\u00fcckentwicklung im Rahmen der Late-Night Reihe<\/p>\n<p>Premiere: 19. Juni 2018<\/p>\n<p>Regie: Malin Lamparter<\/p>\n<p>Mit: Lisa Heinrici, Charlotte Irene Thompson<\/p>\n<p>[\/et_pb_text][\/et_pb_column][\/et_pb_row][et_pb_row _builder_version=&#8220;4.16.1&#8243; _module_preset=&#8220;default&#8220; width_tablet=&#8220;95%&#8220; width_phone=&#8220;99%&#8220; width_last_edited=&#8220;on|tablet&#8220; global_colors_info=&#8220;{}&#8220;][et_pb_column type=&#8220;4_4&#8243; _builder_version=&#8220;4.16&#8243; _module_preset=&#8220;default&#8220; global_colors_info=&#8220;{}&#8220;][et_pb_text _builder_version=&#8220;4.16.1&#8243; _module_preset=&#8220;default&#8220; text_font=&#8220;Lato|300|||||||&#8220; text_text_color=&#8220;#00070C&#8220; text_font_size=&#8220;18px&#8220; text_letter_spacing=&#8220;1px&#8220; text_line_height=&#8220;1.8em&#8220; custom_padding=&#8220;10px|10px|10px|10px|true|true&#8220; border_width_all=&#8220;2px&#8220; border_color_all=&#8220;#FFFF47&#8243; global_colors_info=&#8220;{}&#8220;]<\/p>\n<p>Eine Frau will entweder Sex oder nicht. Die Vorstellung, eine Frau k\u00f6nne zwar prinzipiell Spa\u00df an Sex, unter Umst\u00e4nden sogar mit wechselnden Partner*innen haben und trotzdem nicht f\u00fcr jede Person verf\u00fcgbar sein, wirkt immer noch irritierend.<\/p>\n<p>Weibliche Lust wird dabei so tabuisiert, dass viele Frauen \u00dcbergriffe in der Grauzone auf den ersten Blick nicht einordnen k\u00f6nnen. Wenn du dich noch nie schamlos damit auseinandersetzen konntest was dir Spa\u00df macht, wie sollst du es dann von dem abgrenzen k\u00f6nnen, was du nicht willst?<\/p>\n<p>An diesem Punkt setzt die Performance \u201eIrgendwo zwischen Fisch und Flieder\u201c an und zeigt wie tabulos sch\u00f6n weibliche Lust sein kann und setzt der Vereinzelung der Besch\u00e4mung eine lustvolle Kraft des feministischen Zusammenhalts entgegen. Genau diese Kraft, aus der sich die #metoo Debatte speist. \u201eIch auch\u201c, beinhaltet immer auch ein \u201eDu bist nicht allein\u201c, ein \u201ewir schaffen das zusammen\u201c<\/p>\n<p>[\/et_pb_text][\/et_pb_column][\/et_pb_row][\/et_pb_section]<\/p>\n","protected":false},"excerpt":{"rendered":"<p>malin.lamparter@gmail.comMalin LamparterRegie und TextIrgendwo zwischen Fisch und Flieder Ein Abend \u00fcber weibliche Lust in Zeiten von #metooTheater Koblenz Eine St\u00fcckentwicklung im Rahmen der Late-Night Reihe Premiere: 19. Juni 2018 Regie: Malin Lamparter Mit: Lisa Heinrici, Charlotte Irene ThompsonEine Frau will entweder Sex oder nicht. Die Vorstellung, eine Frau k\u00f6nne zwar prinzipiell Spa\u00df an Sex, unter [&hellip;]<\/p>\n","protected":false},"author":1,"featured_media":0,"parent":0,"menu_order":0,"comment_status":"closed","ping_status":"closed","template":"","meta":{"_et_pb_use_builder":"on","_et_pb_old_content":"","_et_gb_content_width":"","footnotes":""},"class_list":["post-391","page","type-page","status-publish","hentry"],"_links":{"self":[{"href":"https:\/\/malin-lamparter.de\/startseite\/wp-json\/wp\/v2\/pages\/391","targetHints":{"allow":["GET"]}}],"collection":[{"href":"https:\/\/malin-lamparter.de\/startseite\/wp-json\/wp\/v2\/pages"}],"about":[{"href":"https:\/\/malin-lamparter.de\/startseite\/wp-json\/wp\/v2\/types\/page"}],"author":[{"embeddable":true,"href":"https:\/\/malin-lamparter.de\/startseite\/wp-json\/wp\/v2\/users\/1"}],"replies":[{"embeddable":true,"href":"https:\/\/malin-lamparter.de\/startseite\/wp-json\/wp\/v2\/comments?post=391"}],"version-history":[{"count":8,"href":"https:\/\/malin-lamparter.de\/startseite\/wp-json\/wp\/v2\/pages\/391\/revisions"}],"predecessor-version":[{"id":645,"href":"https:\/\/malin-lamparter.de\/startseite\/wp-json\/wp\/v2\/pages\/391\/revisions\/645"}],"wp:attachment":[{"href":"https:\/\/malin-lamparter.de\/startseite\/wp-json\/wp\/v2\/media?parent=391"}],"curies":[{"name":"wp","href":"https:\/\/api.w.org\/{rel}","templated":true}]}}