{"id":397,"date":"2022-04-05T21:59:12","date_gmt":"2022-04-05T21:59:12","guid":{"rendered":"https:\/\/malin-lamparter.de\/?page_id=397"},"modified":"2024-07-20T22:50:57","modified_gmt":"2024-07-20T22:50:57","slug":"agua-wasser","status":"publish","type":"page","link":"https:\/\/malin-lamparter.de\/startseite\/agua-wasser\/","title":{"rendered":"Agua\/Wasser"},"content":{"rendered":"<p>[et_pb_section fb_built=&#8220;1&#8243; disabled_on=&#8220;off|off|on&#8220; _builder_version=&#8220;4.16.1&#8243; _module_preset=&#8220;default&#8220; background_color=&#8220;#99BDD6&#8243; custom_margin=&#8220;0px||||false|false&#8220; custom_padding=&#8220;0px||0px||false|false&#8220; collapsed=&#8220;off&#8220; global_colors_info=&#8220;{}&#8220;][et_pb_row column_structure=&#8220;1_2&#8243; _builder_version=&#8220;4.16.1&#8243; _module_preset=&#8220;default&#8220; width=&#8220;98%&#8220; custom_padding=&#8220;0px||0px||true|false&#8220; global_colors_info=&#8220;{}&#8220;][et_pb_column type=&#8220;1_2&#8243; _builder_version=&#8220;4.16&#8243; _module_preset=&#8220;default&#8220; global_colors_info=&#8220;{}&#8220;][et_pb_text disabled_on=&#8220;off|off|on&#8220; _builder_version=&#8220;4.16.1&#8243; _module_preset=&#8220;default&#8220; text_font=&#8220;Lato|300|||||||&#8220; text_text_color=&#8220;#FFFF47&#8243; text_font_size=&#8220;20px&#8220; link_font=&#8220;Lato||||||||&#8220; link_text_color=&#8220;#FFFF47&#8243; background_color=&#8220;#99BDD6&#8243; text_orientation=&#8220;right&#8220; custom_margin=&#8220;0px||0px||true|false&#8220; custom_padding=&#8220;1px|10px|1px|10px|true|true&#8220; sticky_position=&#8220;top&#8220; sticky_transition=&#8220;off&#8220; border_width_all=&#8220;2px&#8220; border_color_all=&#8220;#FFFF47&#8243; global_colors_info=&#8220;{}&#8220; custom_margin__sticky_enabled=&#8220;on|desktop&#8220; custom_margin__sticky=&#8220;||||false|false&#8220;]<\/p>\n<p><a href=\"mailto:malin.lamparter@gmail.com\">malin.lamparter@gmail.com<\/a><\/p>\n<p>[\/et_pb_text][et_pb_text _builder_version=&#8220;4.16&#8243; _module_preset=&#8220;default&#8220; text_font=&#8220;Lato|700|||||||&#8220; text_text_color=&#8220;#FFFF47&#8243; text_font_size=&#8220;16px&#8220; background_color=&#8220;#99BDD6&#8243; text_orientation=&#8220;right&#8220; custom_margin=&#8220;0px||0px||true|false&#8220; custom_padding=&#8220;3px|10px|3px|10px|true|true&#8220; global_colors_info=&#8220;{}&#8220;]<\/p>\n<p>Malin Lamparter<br \/>Regie und Text<\/p>\n<p>[\/et_pb_text][et_pb_menu active_link_color=&#8220;#FFFF47&#8243; dropdown_menu_bg_color=&#8220;#99BDD6&#8243; dropdown_menu_line_color=&#8220;#D4DDED&#8220; dropdown_menu_text_color=&#8220;#F5F3F6&#8243; dropdown_menu_active_link_color=&#8220;#D4DDED&#8220; mobile_menu_bg_color=&#8220;#99BDD6&#8243; mobile_menu_text_color=&#8220;#F5F3F6&#8243; menu_icon_color=&#8220;#FFFF47&#8243; _builder_version=&#8220;4.16.1&#8243; _module_preset=&#8220;default&#8220; menu_font=&#8220;Lato||||||||&#8220; menu_text_color=&#8220;#00070C&#8220; background_color=&#8220;#99BDD6&#8243; sticky_position=&#8220;top&#8220; sticky_transition=&#8220;off&#8220; global_colors_info=&#8220;{}&#8220;][\/et_pb_menu][\/et_pb_column][\/et_pb_row][\/et_pb_section][et_pb_section fb_built=&#8220;1&#8243; _builder_version=&#8220;4.16.1&#8243; _module_preset=&#8220;default&#8220; background_color_gradient_start=&#8220;rgba(212,221,237,0.49)&#8220; background_color_gradient_end=&#8220;rgba(255,255,255,0)&#8220; background_image=&#8220;http:\/\/malin-lamparter.de\/wp-content\/uploads\/2022\/04\/WhatsApp-Image-2022-03-20-at-19.51.18.jpeg&#8220; custom_padding=&#8220;300px||50px||false|false&#8220; global_colors_info=&#8220;{}&#8220;][et_pb_row _builder_version=&#8220;4.17.3&#8243; _module_preset=&#8220;default&#8220; global_colors_info=&#8220;{}&#8220;][et_pb_column type=&#8220;4_4&#8243; _builder_version=&#8220;4.17.3&#8243; _module_preset=&#8220;default&#8220; global_colors_info=&#8220;{}&#8220;][et_pb_button button_url=&#8220;https:\/\/malin-lamparter.de\/startseite\/&#8220; button_text=&#8220;Startseite&#8220; button_alignment=&#8220;left&#8220; disabled_on=&#8220;on|on|off&#8220; _builder_version=&#8220;4.17.3&#8243; _module_preset=&#8220;default&#8220; custom_button=&#8220;on&#8220; button_text_color=&#8220;#FFFF47&#8243; button_border_width=&#8220;1px&#8220; button_border_radius=&#8220;1px&#8220; button_font=&#8220;Lato|300|||||||&#8220; custom_margin=&#8220;-250px||||false|false&#8220; global_colors_info=&#8220;{}&#8220;][\/et_pb_button][\/et_pb_column][\/et_pb_row][et_pb_row column_structure=&#8220;1_2,1_2&#8243; _builder_version=&#8220;4.16&#8243; _module_preset=&#8220;default&#8220; global_colors_info=&#8220;{}&#8220;][et_pb_column type=&#8220;1_2&#8243; _builder_version=&#8220;4.16&#8243; _module_preset=&#8220;default&#8220; global_colors_info=&#8220;{}&#8220;][\/et_pb_column][et_pb_column type=&#8220;1_2&#8243; _builder_version=&#8220;4.16&#8243; _module_preset=&#8220;default&#8220; global_colors_info=&#8220;{}&#8220;][et_pb_text _builder_version=&#8220;4.16.1&#8243; _module_preset=&#8220;default&#8220; text_font=&#8220;Lato|300|||||||&#8220; text_text_color=&#8220;#F5F3F6&#8243; text_font_size=&#8220;20px&#8220; text_letter_spacing=&#8220;1px&#8220; header_font=&#8220;Lato|300|||||||&#8220; header_text_color=&#8220;#FFFF47&#8243; header_font_size=&#8220;50px&#8220; header_letter_spacing=&#8220;2px&#8220; header_line_height=&#8220;1.1em&#8220; text_orientation=&#8220;right&#8220; hover_enabled=&#8220;0&#8243; global_colors_info=&#8220;{}&#8220; sticky_enabled=&#8220;0&#8243;]<\/p>\n<h1>Agua\/Wasser<\/h1>\n<p>Ein Erasmus-Projekt<\/p>\n<p>[\/et_pb_text][\/et_pb_column][\/et_pb_row][\/et_pb_section][et_pb_section fb_built=&#8220;1&#8243; _builder_version=&#8220;4.16.1&#8243; _module_preset=&#8220;default&#8220; background_color=&#8220;#D4DDED&#8220; global_colors_info=&#8220;{}&#8220;][et_pb_row column_structure=&#8220;3_5,2_5&#8243; _builder_version=&#8220;4.16.1&#8243; _module_preset=&#8220;default&#8220; width_tablet=&#8220;95%&#8220; width_phone=&#8220;99%&#8220; width_last_edited=&#8220;on|tablet&#8220; global_colors_info=&#8220;{}&#8220;][et_pb_column type=&#8220;3_5&#8243; _builder_version=&#8220;4.16&#8243; _module_preset=&#8220;default&#8220; global_colors_info=&#8220;{}&#8220;][et_pb_slider show_pagination=&#8220;off&#8220; _builder_version=&#8220;4.16.1&#8243; _module_preset=&#8220;default&#8220; background_enable_color=&#8220;off&#8220; custom_button=&#8220;on&#8220; button_text_size=&#8220;1px&#8220; min_height=&#8220;50vh&#8220; global_colors_info=&#8220;{}&#8220;][et_pb_slide _builder_version=&#8220;4.16.1&#8243; _module_preset=&#8220;default&#8220; background_enable_color=&#8220;off&#8220; background_image=&#8220;http:\/\/malin-lamparter.de\/wp-content\/uploads\/2022\/04\/Manu-screen-shot.png&#8220; background_enable_image=&#8220;on&#8220; global_colors_info=&#8220;{}&#8220; sticky_transition=&#8220;on&#8220;][\/et_pb_slide][et_pb_slide _builder_version=&#8220;4.16.1&#8243; _module_preset=&#8220;default&#8220; background_enable_color=&#8220;off&#8220; background_image=&#8220;http:\/\/malin-lamparter.de\/wp-content\/uploads\/2022\/04\/WhatsApp-Image-2022-03-20-at-19.51.18-1.jpeg&#8220; background_enable_image=&#8220;on&#8220; global_colors_info=&#8220;{}&#8220; sticky_transition=&#8220;on&#8220;][\/et_pb_slide][et_pb_slide _builder_version=&#8220;4.16.1&#8243; _module_preset=&#8220;default&#8220; background_enable_color=&#8220;off&#8220; background_image=&#8220;http:\/\/malin-lamparter.de\/wp-content\/uploads\/2022\/04\/Odysseus.C.Santiago-Stancovic.jpeg&#8220; background_enable_image=&#8220;on&#8220; global_colors_info=&#8220;{}&#8220; sticky_transition=&#8220;on&#8220;][\/et_pb_slide][et_pb_slide _builder_version=&#8220;4.16.1&#8243; _module_preset=&#8220;default&#8220; background_enable_color=&#8220;off&#8220; background_image=&#8220;http:\/\/malin-lamparter.de\/wp-content\/uploads\/2022\/04\/WhatsApp-Image-2022-03-20-at-19.51.18-2.jpeg&#8220; background_enable_image=&#8220;on&#8220; global_colors_info=&#8220;{}&#8220; sticky_transition=&#8220;on&#8220;][\/et_pb_slide][et_pb_slide _builder_version=&#8220;4.16.1&#8243; _module_preset=&#8220;default&#8220; background_enable_color=&#8220;off&#8220; background_image=&#8220;http:\/\/malin-lamparter.de\/wp-content\/uploads\/2022\/04\/WhatsApp-Image-2022-03-20-at-19.51.17.jpeg&#8220; background_enable_image=&#8220;on&#8220; global_colors_info=&#8220;{}&#8220; sticky_transition=&#8220;on&#8220;][\/et_pb_slide][\/et_pb_slider][\/et_pb_column][et_pb_column type=&#8220;2_5&#8243; _builder_version=&#8220;4.16&#8243; _module_preset=&#8220;default&#8220; global_colors_info=&#8220;{}&#8220;][et_pb_text _builder_version=&#8220;4.27.0&#8243; _module_preset=&#8220;default&#8220; text_font=&#8220;Lato|300|||||||&#8220; text_text_color=&#8220;#00070C&#8220; text_font_size=&#8220;18px&#8220; text_letter_spacing=&#8220;1px&#8220; text_line_height=&#8220;1.72em&#8220; custom_padding=&#8220;5px|5px|5px|5px|true|true&#8220; hover_enabled=&#8220;0&#8243; border_width_all=&#8220;2px&#8220; border_color_all=&#8220;#FFFF47&#8243; global_colors_info=&#8220;{}&#8220; sticky_enabled=&#8220;0&#8243;]<\/p>\n<p>s\u00b4Aljub, Palma di Mallorca \/ LAB Frankfurt<\/p>\n<p>Eine deutsch-spanische Kollaboration zwischen HfMDK Frankfurt, ESADIB (L&#8217;Escola Superior d&#8217;Art Dram\u00e0tic de les Illes Balears), ATW Gie\u00dfen und TeatreBlau<\/p>\n<p>Premiere: 21. M\u00e4rz 2020<\/p>\n<p>Regie: Malin Lamparter, Jonas Weber, Barbara Luchner<\/p>\n<p>Mit: Laura Bastida Ubals, Rebeca Del Fresno, Manuel Palacios, Maite Rom\u00e1n, Vicente Vill\u00f3, Nina Plagens<\/p>\n<p>[\/et_pb_text][\/et_pb_column][\/et_pb_row][et_pb_row _builder_version=&#8220;4.16.1&#8243; _module_preset=&#8220;default&#8220; width_tablet=&#8220;95%&#8220; width_phone=&#8220;99%&#8220; width_last_edited=&#8220;on|tablet&#8220; global_colors_info=&#8220;{}&#8220;][et_pb_column type=&#8220;4_4&#8243; _builder_version=&#8220;4.16&#8243; _module_preset=&#8220;default&#8220; global_colors_info=&#8220;{}&#8220;][et_pb_text _builder_version=&#8220;4.16.1&#8243; _module_preset=&#8220;default&#8220; text_font=&#8220;Lato|300|||||||&#8220; text_text_color=&#8220;#00070C&#8220; text_font_size=&#8220;18px&#8220; text_letter_spacing=&#8220;1px&#8220; text_line_height=&#8220;1.72em&#8220; custom_padding=&#8220;5px|5px|5px|5px|true|true&#8220; border_width_all=&#8220;2px&#8220; border_color_all=&#8220;#FFFF47&#8243; global_colors_info=&#8220;{}&#8220;]<\/p>\n<p>Ein interkulturelles Team aus neun theaterschaffenden Studierenden aus Frankfurt und Palma de Mallorca entwickeln in 6 Wochen einen Abend zu einem alles verbindenden Thema: Wasser.<\/p>\n<p>Wissenschaftliche Fakten treffen auf alte Mythen, Tiefseeungeheuer flirten mit Sirenen, pers\u00f6nliche Erfahrungen und reale Bedrohungen treffen auf fiktionale Welten und poetische Bilder. Dabei entsteht ein gemeinsamer Abend \u00fcber die unterschiedlichsten Aspekte der Thematik.<\/p>\n<p>[\/et_pb_text][\/et_pb_column][\/et_pb_row][\/et_pb_section]<\/p>\n","protected":false},"excerpt":{"rendered":"<p>malin.lamparter@gmail.comMalin LamparterRegie und TextAgua\/Wasser Ein Erasmus-Projekts\u00b4Aljub, Palma di Mallorca \/ LAB Frankfurt Eine deutsch-spanische Kollaboration zwischen HfMDK Frankfurt, ESADIB (L&#8217;Escola Superior d&#8217;Art Dram\u00e0tic de les Illes Balears), ATW Gie\u00dfen und TeatreBlau Premiere: 21. M\u00e4rz 2020 Regie: Malin Lamparter, Jonas Weber, Barbara Luchner Mit: Laura Bastida Ubals, Rebeca Del Fresno, Manuel Palacios, Maite Rom\u00e1n, Vicente Vill\u00f3, [&hellip;]<\/p>\n","protected":false},"author":1,"featured_media":0,"parent":0,"menu_order":0,"comment_status":"closed","ping_status":"closed","template":"","meta":{"_et_pb_use_builder":"on","_et_pb_old_content":"","_et_gb_content_width":"","footnotes":""},"class_list":["post-397","page","type-page","status-publish","hentry"],"_links":{"self":[{"href":"https:\/\/malin-lamparter.de\/startseite\/wp-json\/wp\/v2\/pages\/397","targetHints":{"allow":["GET"]}}],"collection":[{"href":"https:\/\/malin-lamparter.de\/startseite\/wp-json\/wp\/v2\/pages"}],"about":[{"href":"https:\/\/malin-lamparter.de\/startseite\/wp-json\/wp\/v2\/types\/page"}],"author":[{"embeddable":true,"href":"https:\/\/malin-lamparter.de\/startseite\/wp-json\/wp\/v2\/users\/1"}],"replies":[{"embeddable":true,"href":"https:\/\/malin-lamparter.de\/startseite\/wp-json\/wp\/v2\/comments?post=397"}],"version-history":[{"count":9,"href":"https:\/\/malin-lamparter.de\/startseite\/wp-json\/wp\/v2\/pages\/397\/revisions"}],"predecessor-version":[{"id":890,"href":"https:\/\/malin-lamparter.de\/startseite\/wp-json\/wp\/v2\/pages\/397\/revisions\/890"}],"wp:attachment":[{"href":"https:\/\/malin-lamparter.de\/startseite\/wp-json\/wp\/v2\/media?parent=397"}],"curies":[{"name":"wp","href":"https:\/\/api.w.org\/{rel}","templated":true}]}}