{"id":412,"date":"2022-04-05T22:46:07","date_gmt":"2022-04-05T22:46:07","guid":{"rendered":"https:\/\/malin-lamparter.de\/?page_id=412"},"modified":"2024-12-02T00:16:16","modified_gmt":"2024-12-02T00:16:16","slug":"person","status":"publish","type":"page","link":"https:\/\/malin-lamparter.de\/startseite\/person\/","title":{"rendered":"Person"},"content":{"rendered":"<p>[et_pb_section fb_built=&#8220;1&#8243; disabled_on=&#8220;off|off|on&#8220; _builder_version=&#8220;4.16.1&#8243; _module_preset=&#8220;default&#8220; background_color=&#8220;#99BDD6&#8243; custom_margin=&#8220;0px||||false|false&#8220; custom_padding=&#8220;0px||0px||false|false&#8220; collapsed=&#8220;on&#8220; global_colors_info=&#8220;{}&#8220;][et_pb_row column_structure=&#8220;1_2&#8243; _builder_version=&#8220;4.16.1&#8243; _module_preset=&#8220;default&#8220; width=&#8220;98%&#8220; custom_padding=&#8220;0px||0px||true|false&#8220; global_colors_info=&#8220;{}&#8220;][et_pb_column type=&#8220;1_2&#8243; _builder_version=&#8220;4.16&#8243; _module_preset=&#8220;default&#8220; global_colors_info=&#8220;{}&#8220;][et_pb_text disabled_on=&#8220;off|off|on&#8220; _builder_version=&#8220;4.16.1&#8243; _module_preset=&#8220;default&#8220; text_font=&#8220;Lato|300|||||||&#8220; text_text_color=&#8220;#FFFF47&#8243; text_font_size=&#8220;20px&#8220; link_font=&#8220;Lato||||||||&#8220; link_text_color=&#8220;#FFFF47&#8243; background_color=&#8220;#99BDD6&#8243; text_orientation=&#8220;right&#8220; custom_margin=&#8220;0px||0px||true|false&#8220; custom_padding=&#8220;1px|10px|1px|10px|true|true&#8220; sticky_position=&#8220;top&#8220; sticky_transition=&#8220;off&#8220; border_width_all=&#8220;2px&#8220; border_color_all=&#8220;#FFFF47&#8243; global_colors_info=&#8220;{}&#8220; custom_margin__sticky_enabled=&#8220;on|desktop&#8220; custom_margin__sticky=&#8220;||||false|false&#8220;]<\/p>\n<p><a href=\"mailto:malin.lamparter@gmail.com\">malin.lamparter@gmail.com<\/a><\/p>\n<p>[\/et_pb_text][et_pb_text _builder_version=&#8220;4.16&#8243; _module_preset=&#8220;default&#8220; text_font=&#8220;Lato|700|||||||&#8220; text_text_color=&#8220;#FFFF47&#8243; text_font_size=&#8220;16px&#8220; background_color=&#8220;#99BDD6&#8243; text_orientation=&#8220;right&#8220; custom_margin=&#8220;0px||0px||true|false&#8220; custom_padding=&#8220;3px|10px|3px|10px|true|true&#8220; global_colors_info=&#8220;{}&#8220;]<\/p>\n<p>Malin Lamparter<br \/>Regie und Text<\/p>\n<p>[\/et_pb_text][et_pb_menu active_link_color=&#8220;#FFFF47&#8243; dropdown_menu_bg_color=&#8220;#99BDD6&#8243; dropdown_menu_line_color=&#8220;#D4DDED&#8220; dropdown_menu_text_color=&#8220;#F5F3F6&#8243; dropdown_menu_active_link_color=&#8220;#D4DDED&#8220; mobile_menu_bg_color=&#8220;#99BDD6&#8243; mobile_menu_text_color=&#8220;#F5F3F6&#8243; menu_icon_color=&#8220;#FFFF47&#8243; _builder_version=&#8220;4.16.1&#8243; _module_preset=&#8220;default&#8220; menu_font=&#8220;Lato||||||||&#8220; menu_text_color=&#8220;#00070C&#8220; background_color=&#8220;#99BDD6&#8243; custom_padding=&#8220;||1px|||&#8220; sticky_position=&#8220;top&#8220; sticky_transition=&#8220;off&#8220; global_colors_info=&#8220;{}&#8220;][\/et_pb_menu][\/et_pb_column][\/et_pb_row][\/et_pb_section][et_pb_section fb_built=&#8220;1&#8243; custom_padding_last_edited=&#8220;on|phone&#8220; _builder_version=&#8220;4.27.4&#8243; _module_preset=&#8220;default&#8220; background_color=&#8220;#F5F3F6&#8243; custom_padding_tablet=&#8220;&#8220; custom_padding_phone=&#8220;0px||||false|false&#8220; hover_enabled=&#8220;0&#8243; collapsed=&#8220;on&#8220; global_colors_info=&#8220;{}&#8220; sticky_enabled=&#8220;0&#8243;][et_pb_row column_structure=&#8220;3_5,2_5&#8243; custom_padding_last_edited=&#8220;on|phone&#8220; _builder_version=&#8220;4.16.1&#8243; _module_preset=&#8220;default&#8220; width_tablet=&#8220;95%&#8220; width_phone=&#8220;99%&#8220; width_last_edited=&#8220;on|tablet&#8220; custom_padding_tablet=&#8220;&#8220; custom_padding_phone=&#8220;0px||||false|false&#8220; global_colors_info=&#8220;{}&#8220;][et_pb_column type=&#8220;3_5&#8243; _builder_version=&#8220;4.16&#8243; _module_preset=&#8220;default&#8220; global_colors_info=&#8220;{}&#8220;][et_pb_image src=&#8220;https:\/\/malin-lamparter.de\/wp-content\/uploads\/2024\/12\/Q1A8993-B-scaled.jpg&#8220; title_text=&#8220;c_Moritz Haase&#8220; disabled_on=&#8220;off|off|on&#8220; _builder_version=&#8220;4.27.4&#8243; _module_preset=&#8220;default&#8220; hover_enabled=&#8220;0&#8243; global_colors_info=&#8220;{}&#8220; sticky_enabled=&#8220;0&#8243;][\/et_pb_image][et_pb_text _builder_version=&#8220;4.27.4&#8243; _module_preset=&#8220;default&#8220; text_font=&#8220;Lato|300|||||||&#8220; text_text_color=&#8220;#00070C&#8220; text_font_size=&#8220;18px&#8220; text_letter_spacing=&#8220;1px&#8220; custom_padding=&#8220;10px|10px|10px|10px|true|true&#8220; hover_enabled=&#8220;0&#8243; border_width_all=&#8220;2px&#8220; border_color_all=&#8220;#FFFF47&#8243; global_colors_info=&#8220;{}&#8220; sticky_enabled=&#8220;0&#8243;]<\/p>\n<div class=\"mt-2 mt-lg-6\">\n<p>&nbsp;<\/p>\n<p>Malin Lamparter studierte Schauspielregie an der Hochschule f\u00fcr Musik und Darstellende Kunst Frankfurt am Main. Bereits w\u00e4hrend ihres Studiums realisierte Malin Lamparter verschiedene Inszenierungen in- und au\u00dferhalb des universit\u00e4ren Kontextes und setzte erfolgreich freie Projekte um, die h\u00e4ufig im \u00f6ffentlichen Raum oder abseits klassischer B\u00fchnensituationen spielen.<\/p>\n<p>Dabei arbeitet sie ausgehend von klassischen Stoffen auch mit ihrer pers\u00f6nlichen Geschichte. Ihre Produktion &#8222;Stolz und Vorurteil oder wie B\u00e4rchen alle Tiere vor der Flutwelle rettete&#8220; wurde zum Plug&amp;Play Festival des Staatstheaters Mainz eingeladen. In dieser Arbeit steht sie mit ihren 4 kleinen Geschwistern auf der B\u00fchne und untersucht die Konstrukte von Familie und Weiblichkeit.<\/p>\n<p>Trotz Ausfl\u00fcgen in den performativen Bereich liebt sie Geschichten und Textarbeit. Ihre Inszenierungen konzentrieren sich auf sprachliche und situative Aspekte \u2013 im Mittelpunkt steht der Mensch.<\/p>\n<p>2022 inszenierte Malin am Theater Koblenz die Urauff\u00fchrung des St\u00fcckes &#8222;Beretta, Kaliber 22&#8220; von Sarah Amanda Dulgeris. <br \/>Ihren Abschluss machte sie 2024 mit der Inszenierung von &#8222;Gelbes Gold&#8220; von Fabienne D\u00fcr am Stadttheater Gie\u00dfen.<\/p>\n<p>Malin arbeitet auch in der freien Szene und ist Teil des <a href=\"https:\/\/citizenkane.de\/\">Citizen.KANE.Kollektiv<\/a>, mit dem sie recherchebasierte St\u00fccke zu aktuellen Themen erarbeitet.\u00a0<\/p>\n<p>In der Spielzeit 2024\/2025 ist Malin Lamparter Stipendiatin im Rahmen des internationalen Residenzprogramms f\u00fcr junge Regie <a href=\"https:\/\/www.berliner-ensemble.de\/malin-lamparter\">WORX am Berliner Ensemble<\/a>.<\/p>\n<\/div>\n<p>[\/et_pb_text][\/et_pb_column][et_pb_column type=&#8220;2_5&#8243; _builder_version=&#8220;4.16&#8243; _module_preset=&#8220;default&#8220; global_colors_info=&#8220;{}&#8220;][et_pb_text disabled_on=&#8220;on|on|off&#8220; _builder_version=&#8220;4.27.4&#8243; text_font=&#8220;Lato||||||||&#8220; text_text_color=&#8220;#99BDD6&#8243; header_font=&#8220;Lato|300|||||||&#8220; header_text_color=&#8220;#99BDD6&#8243; header_font_size=&#8220;55px&#8220; header_letter_spacing=&#8220;5px&#8220; header_line_height=&#8220;1.2em&#8220; header_2_font=&#8220;Lato|300|||||||&#8220; header_2_text_color=&#8220;#00070c&#8220; background_color=&#8220;#F5F3F6&#8243; text_orientation=&#8220;right&#8220; custom_margin=&#8220;|-48px|||false|false&#8220; link_option_url=&#8220;https:\/\/malin-lamparter.de\/startseite\/&#8220; sticky_position=&#8220;top&#8220; sticky_offset_top=&#8220;20px&#8220; sticky_transition=&#8220;off&#8220; hover_enabled=&#8220;0&#8243; global_colors_info=&#8220;{}&#8220; custom_padding__hover_enabled=&#8220;off|desktop&#8220; text_text_color__sticky_enabled=&#8220;on|sticky&#8220; text_text_color__sticky=&#8220;#00070C&#8220; header_2_text_color__sticky_enabled=&#8220;on|desktop&#8220; header_2_text_color__sticky=&#8220;#99BDD6&#8243; sticky_enabled=&#8220;0&#8243;]<\/p>\n<h1>Malin Lamparter<\/h1>\n<h2>Regie und Text<\/h2>\n<p>[\/et_pb_text][et_pb_image src=&#8220;https:\/\/malin-lamparter.de\/wp-content\/uploads\/2024\/12\/Q1A8993-B-scaled.jpg&#8220; title_text=&#8220;_Q1A8993-B&#8220; disabled_on=&#8220;on|on|off&#8220; _builder_version=&#8220;4.27.4&#8243; _module_preset=&#8220;default&#8220; custom_margin=&#8220;|-48px|||false|false&#8220; sticky_position=&#8220;top&#8220; sticky_transition=&#8220;off&#8220; hover_enabled=&#8220;0&#8243; global_colors_info=&#8220;{}&#8220; custom_margin__sticky_enabled=&#8220;on|sticky&#8220; custom_margin__sticky=&#8220;|-48px|||false|false&#8220; sticky_enabled=&#8220;0&#8243;][\/et_pb_image][et_pb_text disabled_on=&#8220;on|on|off&#8220; _builder_version=&#8220;4.27.4&#8243; _module_preset=&#8220;default&#8220; text_font=&#8220;Lato|300|||||||&#8220; text_text_color=&#8220;#99BDD6&#8243; text_font_size=&#8220;20px&#8220; text_orientation=&#8220;right&#8220; custom_margin=&#8220;|-70px|||false|false&#8220; custom_padding=&#8220;5px|10px|5px|10px|true|true&#8220; link_option_url=&#8220;mailto:malin.lamparter@gmail.com&#8220; sticky_position=&#8220;top&#8220; sticky_offset_top=&#8220;20px&#8220; sticky_transition=&#8220;off&#8220; hover_enabled=&#8220;0&#8243; border_width_all=&#8220;2px&#8220; border_color_all=&#8220;#FFFF47&#8243; global_colors_info=&#8220;{}&#8220; custom_margin__sticky_enabled=&#8220;on|sticky&#8220; custom_margin__sticky=&#8220;|-70px|||false|false&#8220; sticky_enabled=&#8220;0&#8243;]<\/p>\n<p>malin.lamparter@gmail.com<\/p>\n<p>[\/et_pb_text][\/et_pb_column][\/et_pb_row][\/et_pb_section]<\/p>\n","protected":false},"excerpt":{"rendered":"<p>malin.lamparter@gmail.comMalin LamparterRegie und Text &nbsp; Malin Lamparter studierte Schauspielregie an der Hochschule f\u00fcr Musik und Darstellende Kunst Frankfurt am Main. Bereits w\u00e4hrend ihres Studiums realisierte Malin Lamparter verschiedene Inszenierungen in- und au\u00dferhalb des universit\u00e4ren Kontextes und setzte erfolgreich freie Projekte um, die h\u00e4ufig im \u00f6ffentlichen Raum oder abseits klassischer B\u00fchnensituationen spielen. Dabei arbeitet sie ausgehend [&hellip;]<\/p>\n","protected":false},"author":1,"featured_media":0,"parent":0,"menu_order":0,"comment_status":"closed","ping_status":"closed","template":"","meta":{"_et_pb_use_builder":"on","_et_pb_old_content":"","_et_gb_content_width":"","footnotes":""},"class_list":["post-412","page","type-page","status-publish","hentry"],"_links":{"self":[{"href":"https:\/\/malin-lamparter.de\/startseite\/wp-json\/wp\/v2\/pages\/412","targetHints":{"allow":["GET"]}}],"collection":[{"href":"https:\/\/malin-lamparter.de\/startseite\/wp-json\/wp\/v2\/pages"}],"about":[{"href":"https:\/\/malin-lamparter.de\/startseite\/wp-json\/wp\/v2\/types\/page"}],"author":[{"embeddable":true,"href":"https:\/\/malin-lamparter.de\/startseite\/wp-json\/wp\/v2\/users\/1"}],"replies":[{"embeddable":true,"href":"https:\/\/malin-lamparter.de\/startseite\/wp-json\/wp\/v2\/comments?post=412"}],"version-history":[{"count":13,"href":"https:\/\/malin-lamparter.de\/startseite\/wp-json\/wp\/v2\/pages\/412\/revisions"}],"predecessor-version":[{"id":935,"href":"https:\/\/malin-lamparter.de\/startseite\/wp-json\/wp\/v2\/pages\/412\/revisions\/935"}],"wp:attachment":[{"href":"https:\/\/malin-lamparter.de\/startseite\/wp-json\/wp\/v2\/media?parent=412"}],"curies":[{"name":"wp","href":"https:\/\/api.w.org\/{rel}","templated":true}]}}