{"id":422,"date":"2022-04-05T22:47:49","date_gmt":"2022-04-05T22:47:49","guid":{"rendered":"https:\/\/malin-lamparter.de\/?page_id=422"},"modified":"2025-03-20T14:12:02","modified_gmt":"2025-03-20T14:12:02","slug":"auflistung","status":"publish","type":"page","link":"https:\/\/malin-lamparter.de\/startseite\/auflistung\/","title":{"rendered":"Auflistung"},"content":{"rendered":"<p>[et_pb_section fb_built=&#8220;1&#8243; disabled_on=&#8220;off|off|on&#8220; _builder_version=&#8220;4.17.3&#8243; _module_preset=&#8220;default&#8220; background_color=&#8220;#99BDD6&#8243; custom_margin=&#8220;0px||||false|false&#8220; custom_padding=&#8220;0px||0px||false|false&#8220; z_index_tablet=&#8220;999&#8243; z_index_phone=&#8220;999&#8243; z_index_last_edited=&#8220;on|desktop&#8220; collapsed=&#8220;on&#8220; global_colors_info=&#8220;{}&#8220; background__hover_enabled=&#8220;on|hover&#8220; z_index__hover_enabled=&#8220;on|desktop&#8220;][et_pb_row column_structure=&#8220;1_2&#8243; _builder_version=&#8220;4.16.1&#8243; _module_preset=&#8220;default&#8220; width=&#8220;98%&#8220; custom_padding=&#8220;0px||0px||true|false&#8220; global_colors_info=&#8220;{}&#8220;][et_pb_column type=&#8220;1_2&#8243; _builder_version=&#8220;4.16&#8243; _module_preset=&#8220;default&#8220; global_colors_info=&#8220;{}&#8220;][et_pb_text disabled_on=&#8220;off|off|on&#8220; _builder_version=&#8220;4.16.1&#8243; _module_preset=&#8220;default&#8220; text_font=&#8220;Lato|300|||||||&#8220; text_text_color=&#8220;#FFFF47&#8243; text_font_size=&#8220;20px&#8220; link_font=&#8220;Lato||||||||&#8220; link_text_color=&#8220;#FFFF47&#8243; background_color=&#8220;#99BDD6&#8243; text_orientation=&#8220;right&#8220; custom_margin=&#8220;0px||0px||true|false&#8220; custom_padding=&#8220;1px|10px|1px|10px|true|true&#8220; sticky_position=&#8220;top&#8220; sticky_transition=&#8220;off&#8220; border_width_all=&#8220;2px&#8220; border_color_all=&#8220;#FFFF47&#8243; global_colors_info=&#8220;{}&#8220; custom_margin__sticky_enabled=&#8220;on|desktop&#8220; custom_margin__sticky=&#8220;||||false|false&#8220;]<\/p>\n<p><a href=\"mailto:malin.lamparter@gmail.com\">malin.lamparter@gmail.com<\/a><\/p>\n<p>[\/et_pb_text][et_pb_text _builder_version=&#8220;4.16&#8243; _module_preset=&#8220;default&#8220; text_font=&#8220;Lato|700|||||||&#8220; text_text_color=&#8220;#FFFF47&#8243; text_font_size=&#8220;16px&#8220; background_color=&#8220;#99BDD6&#8243; text_orientation=&#8220;right&#8220; custom_margin=&#8220;0px||0px||true|false&#8220; custom_padding=&#8220;3px|10px|3px|10px|true|true&#8220; global_colors_info=&#8220;{}&#8220;]<\/p>\n<p>Malin Lamparter<br \/>Regie und Text<\/p>\n<p>[\/et_pb_text][et_pb_menu active_link_color=&#8220;#FFFF47&#8243; dropdown_menu_bg_color=&#8220;#99BDD6&#8243; dropdown_menu_line_color=&#8220;#D4DDED&#8220; dropdown_menu_text_color=&#8220;#F5F3F6&#8243; dropdown_menu_active_link_color=&#8220;#D4DDED&#8220; mobile_menu_bg_color=&#8220;#99BDD6&#8243; mobile_menu_text_color=&#8220;#F5F3F6&#8243; menu_icon_color=&#8220;#FFFF47&#8243; _builder_version=&#8220;4.16.1&#8243; _module_preset=&#8220;default&#8220; menu_font=&#8220;Lato||||||||&#8220; menu_text_color=&#8220;#00070C&#8220; background_color=&#8220;#99BDD6&#8243; sticky_position=&#8220;top&#8220; sticky_transition=&#8220;off&#8220; global_colors_info=&#8220;{}&#8220;][\/et_pb_menu][\/et_pb_column][\/et_pb_row][\/et_pb_section][et_pb_section fb_built=&#8220;1&#8243; _builder_version=&#8220;4.16.1&#8243; _module_preset=&#8220;default&#8220; background_color=&#8220;#99BDD6&#8243; collapsed=&#8220;on&#8220; global_colors_info=&#8220;{}&#8220;][et_pb_row column_structure=&#8220;3_4,1_4&#8243; custom_padding_last_edited=&#8220;on|desktop&#8220; _builder_version=&#8220;4.17.3&#8243; _module_preset=&#8220;default&#8220; width_tablet=&#8220;95%&#8220; width_phone=&#8220;99%&#8220; width_last_edited=&#8220;on|tablet&#8220; custom_padding=&#8220;||||false|false&#8220; custom_padding_tablet=&#8220;0px||||false|false&#8220; custom_padding_phone=&#8220;||||false|false&#8220; global_colors_info=&#8220;{}&#8220;][et_pb_column type=&#8220;3_4&#8243; _builder_version=&#8220;4.16&#8243; _module_preset=&#8220;default&#8220; global_colors_info=&#8220;{}&#8220;][et_pb_button button_url=&#8220;https:\/\/malin-lamparter.de\/startseite\/&#8220; button_text=&#8220;Zur\u00fcck&#8220; button_alignment=&#8220;right&#8220; disabled_on=&#8220;on|on|off&#8220; _builder_version=&#8220;4.17.3&#8243; _module_preset=&#8220;default&#8220; custom_button=&#8220;on&#8220; button_text_color=&#8220;#FFFF47&#8243; button_bg_color=&#8220;#99BDD6&#8243; button_border_width=&#8220;1px&#8220; button_border_radius=&#8220;1px&#8220; button_font=&#8220;Lato|300|||||||&#8220; sticky_position=&#8220;top&#8220; sticky_transition=&#8220;off&#8220; global_colors_info=&#8220;{}&#8220;][\/et_pb_button][et_pb_text _builder_version=&#8220;4.27.4&#8243; _module_preset=&#8220;default&#8220; text_font=&#8220;Lato|300|||||||&#8220; text_text_color=&#8220;#00070C&#8220; text_font_size=&#8220;18px&#8220; text_letter_spacing=&#8220;1px&#8220; text_line_height=&#8220;1.8em&#8220; link_font=&#8220;Lato|700|||||||&#8220; link_text_color=&#8220;#FFFF47&#8243; custom_padding=&#8220;10px|10px|10px|10px|true|true&#8220; hover_enabled=&#8220;0&#8243; border_width_all=&#8220;2px&#8220; border_color_all=&#8220;#FFFF47&#8243; global_colors_info=&#8220;{}&#8220; sticky_enabled=&#8220;0&#8243;]<\/p>\n<p><strong>Februar 2025<br \/><a href=\"https:\/\/www.berliner-ensemble.de\/inszenierung\/always-carrey\">&#8222;Always Carrey On&#8220;<\/a><br \/><\/strong>Berliner-Ensemble<br \/>Rolle: Regie<strong><br \/><\/strong><strong><\/strong><strong><\/strong><\/p>\n<p><strong>Dezember 2024<\/strong><br \/><a href=\"https:\/\/citizenkane.de\/PERFORMANCES\/AR-Mut\">&#8222;Armut&#8220;<\/a><br \/>Performativer Stadtspaziergang<br \/>Ein Projekt des Citizen.KANE.Kollektivs<\/p>\n<p><strong>November 2024<\/strong><br \/><a href=\"https:\/\/www.berliner-ensemble.de\/inszenierung\/hoffen-und-kotzen\">&#8222;Hoffen und Kotzen&#8220;<\/a><br \/>Berliner Ensemble<br \/>Eine Performance zu Fr\u00fchschwangerschaft und Fehlgeburt<br \/>Rolle: Regie und Performance<\/p>\n<p><strong>Oktober 2024<\/strong><br \/><a href=\"https:\/\/malin-lamparter.de\/startseite\/kameliendame\/\"><strong>&#8222;Die Kameliendame oder Stirb sch\u00f6ner&#8220;<\/strong><\/a><br \/>nach Alexandre Dumas<br \/>Berliner Ensemble<br \/>Rolle: Regie, Textfassung<\/p>\n<p><strong>Juni-November 2024<\/strong><br \/><strong><a href=\"https:\/\/citizenkane.de\/WEISSE-ELEFANTEN-2\">&#8222;Weisse Elefanten&#8220;<\/a><br \/><\/strong>Ein Recherchest\u00fcck \u00fcber Zensur in der DDR<br \/>Ein Projekt des Citizen.KANE.Kollektivs<strong><\/strong><strong><\/strong><\/p>\n<p><strong>Januar 2024<\/strong><br \/><a href=\"https:\/\/malin-lamparter.de\/startseite\/gelbes-gold\/\"><strong>&#8222;Gelbes Gold&#8220;<\/strong><\/a><br \/>Fabienne D\u00fcr<br \/>Stadttheater Gie\u00dfen<br \/>Rolle: Regie<\/p>\n<p><strong>Mai 2023<\/strong><br \/><a href=\"https:\/\/malin-lamparter.de\/haunted-house\/\/\"><strong>&#8222;Haunted House&#8220;<\/strong><\/a><br \/>Ein Gruselprojekt mit Jugendlichen zum Stuttgarter Literaturfestival 2023<br \/>Rolle: Regie und Text<\/p>\n<p><strong>M\u00e4rz 2023<\/strong><br \/><strong><a href=\"https:\/\/citizenkane.de\/PERFORMANCES\/LILIOM\">&#8222;Liliom &#8211; Theater.Rave.Utopie.&#8220;<\/a><\/strong><br \/>Long-Duration-Performance<br \/>Ein Projekt des Citizen.KANE.Kollektivs<\/p>\n<p><strong>November 2022<\/strong><br \/><strong><a href=\"https:\/\/malin-lamparter.de\/startseite\/beretta\/\">&#8222;Beretta, Kaliber 22&#8220;<\/a><br \/><\/strong>Sarah Amanda Dulgeria<br \/>Theater Koblenz<\/p>\n<p><strong>Juni 2022<\/strong><br \/><a href=\"https:\/\/malin-lamparter.de\/startseite\/help-yourself\/\/\">&#8222;<\/a><strong><a href=\"https:\/\/malin-lamparter.de\/startseite\/help-yourself\/\/\">Help<\/a><a href=\"https:\/\/malin-lamparter.de\/startseite\/help-yourself\/\/\"> Yourself&#8220;<\/a><\/strong><br \/>Ein inszenierter Spaziergang im \u00d6ffentlichen Raum<br \/>Rolle: Regie und Text<\/p>\n<p><strong>Februar 2022<\/strong><br \/><a href=\"https:\/\/malin-lamparter.de\/agua-wasser\/\"><strong><\/strong><\/a><a href=\"https:\/\/malin-lamparter.de\/agua-wasser\/\"><strong>&#8222;Agua\/Wasser&#8220;<\/strong><\/a><br \/>Ein deutsch-spanisches Erasmus-Projekt<br \/>Palma di Mallorca\/Frankfurt<br \/>Rolle: Regie<\/p>\n<p><strong>September 2021<\/strong><br \/><a href=\"https:\/\/malin-lamparter.de\/stolz-und-vorurteil\/\"><strong>\u201eStolz und Vorurteil oder wie B\u00e4rchen alle Tiere vor der Flutwelle rettete\u201c<\/strong><\/a><br \/>Eine schwesterliche Entwicklung nach Jane Austen<br \/>LAB Frankfurt<br \/>Rolle: Konzept, Regie, Performance<\/p>\n<p><strong>Juli 2021<\/strong><br \/><a href=\"https:\/\/malin-lamparter.de\/ich-dachte-ich-haette-geschrien\/\"><strong>\u201eIch dachte ich h\u00e4tte geschrien, aber dann hat es keiner geh\u00f6rt\u201c<\/strong><\/a><br \/>Eine Audio-Installation im \u00f6ffentlichen Raum zu Protestkultur in Zeiten der Pandemie.<br \/>Frankfurt<br \/>Rolle: Konzept und Regie<\/p>\n<p><strong>Mai 2021<\/strong><br \/><a href=\"https:\/\/malin-lamparter.de\/party-und-eventszene\/\"><strong>\u201eWer hat Angst vor der Party- und Eventszene?\u201c<\/strong><\/a><br \/>Ein Audiowalk mit Performance Anteil zum Nachtleben in Lockdown-Zeiten<br \/>Stuttgart\/Frankfurt<br \/>Rolle: Regie<\/p>\n<p><strong>Oktober 2021<\/strong><br \/><a href=\"https:\/\/malin-lamparter.de\/klythaimnestra\/\"><strong>\u201eKlytaimnestra Variationen\u201c<\/strong><\/a><br \/>Nach Aischylos und Euripides<br \/>HfMDK Frankfurt<br \/>Rolle: Regie<\/p>\n<p><strong>August 2020<\/strong><br \/><a href=\"https:\/\/malin-lamparter.de\/stille\/\"><strong>\u201eSeit ich allein bin, ist die Stille so laut\u201c<\/strong><\/a><br \/>Ein Audiowalk zu Einsamkeit und Jugendkrawallen<br \/>Stuttgart\/Freiburg<br \/>Rolle: Regie<\/p>\n<p><strong>Februar 2020<\/strong><br \/><a href=\"https:\/\/malin-lamparter.de\/borkman\/\"><strong>\u201eJohn Gabriel Borkman\u201c<\/strong><\/a><br \/>Hendrik Ibsen<br \/>HfMDK Frankfurt<br \/>Rolle: Regie<\/p>\n<p><strong>Oktober 2019<\/strong><br \/><a href=\"https:\/\/malin-lamparter.de\/schafspelz\/\"><strong>&#8222;kein schafspelz, kein wolf&#8220;<\/strong><\/a><br \/>Julian Mahid Hossain<br \/>Urauff\u00fchrung im Rahmen des \u201eWhat a mess\/ It\u00b4s Cum Ex\u201c Festivals<br \/>Studio NAXOS<br \/>Rolle: Regie<\/p>\n<p><strong>Mai 2018<\/strong><br \/><a href=\"https:\/\/malin-lamparter.de\/fisch-und-flieder\/\"><strong>\u201eEin Abend zwischen Fisch und Flieder\u201c<\/strong><\/a><br \/>Eine St\u00fcckentwicklung zur #metoo-Debatte<br \/>Theater Koblenz<br \/>Rolle: Regie<\/p>\n<p>[\/et_pb_text][\/et_pb_column][et_pb_column type=&#8220;1_4&#8243; _builder_version=&#8220;4.16&#8243; _module_preset=&#8220;default&#8220; global_colors_info=&#8220;{}&#8220;][et_pb_text disabled_on=&#8220;on|on|off&#8220; _builder_version=&#8220;4.16.1&#8243; text_font=&#8220;Lato||||||||&#8220; text_text_color=&#8220;#99BDD6&#8243; header_font=&#8220;Lato|300|||||||&#8220; header_text_color=&#8220;#FFFF47&#8243; header_font_size=&#8220;55px&#8220; header_letter_spacing=&#8220;5px&#8220; header_line_height=&#8220;1.2em&#8220; header_2_font=&#8220;Lato|300|||||||&#8220; header_2_text_color=&#8220;#00070c&#8220; background_color=&#8220;#99BDD6&#8243; text_orientation=&#8220;right&#8220; custom_margin=&#8220;|-70px|||false|false&#8220; sticky_position=&#8220;top&#8220; sticky_offset_top=&#8220;20px&#8220; sticky_transition=&#8220;off&#8220; global_colors_info=&#8220;{}&#8220; custom_padding__hover_enabled=&#8220;off|desktop&#8220; text_text_color__sticky_enabled=&#8220;on|sticky&#8220; text_text_color__sticky=&#8220;#00070C&#8220; header_2_text_color__sticky_enabled=&#8220;on|desktop&#8220; header_2_text_color__sticky=&#8220;#99BDD6&#8243; custom_margin__sticky_enabled=&#8220;on|sticky&#8220; custom_margin__sticky=&#8220;|-70px|||false|false&#8220;]<\/p>\n<h1>Malin Lamparter<\/h1>\n<h2>Regie und Text<\/h2>\n<p>[\/et_pb_text][et_pb_text disabled_on=&#8220;on|on|off&#8220; _builder_version=&#8220;4.16.1&#8243; _module_preset=&#8220;default&#8220; text_font=&#8220;Lato|300|||||||&#8220; text_text_color=&#8220;#FFFF47&#8243; text_font_size=&#8220;20px&#8220; text_orientation=&#8220;right&#8220; custom_margin=&#8220;|-70px|||false|false&#8220; custom_padding=&#8220;5px|10px|5px|10px|true|true&#8220; link_option_url=&#8220;mailto:malin.lamparter@gmail.com&#8220; sticky_position=&#8220;top&#8220; sticky_transition=&#8220;off&#8220; border_width_all=&#8220;2px&#8220; border_color_all=&#8220;#FFFF47&#8243; global_colors_info=&#8220;{}&#8220; custom_margin__sticky_enabled=&#8220;on|sticky&#8220; custom_margin__sticky=&#8220;|-70px|||false|false&#8220;]<\/p>\n<p>malin.lamparter@gmail.com<\/p>\n<p>[\/et_pb_text][\/et_pb_column][\/et_pb_row][\/et_pb_section]<\/p>\n","protected":false},"excerpt":{"rendered":"<p>malin.lamparter@gmail.comMalin LamparterRegie und TextFebruar 2025&#8243;Always Carrey On&#8220;Berliner-EnsembleRolle: Regie Dezember 2024&#8243;Armut&#8220;Performativer StadtspaziergangEin Projekt des Citizen.KANE.Kollektivs November 2024&#8243;Hoffen und Kotzen&#8220;Berliner EnsembleEine Performance zu Fr\u00fchschwangerschaft und FehlgeburtRolle: Regie und Performance Oktober 2024&#8243;Die Kameliendame oder Stirb sch\u00f6ner&#8220;nach Alexandre DumasBerliner EnsembleRolle: Regie, Textfassung Juni-November 2024&#8243;Weisse Elefanten&#8220;Ein Recherchest\u00fcck \u00fcber Zensur in der DDREin Projekt des Citizen.KANE.Kollektivs Januar 2024&#8243;Gelbes Gold&#8220;Fabienne D\u00fcrStadttheater Gie\u00dfenRolle: [&hellip;]<\/p>\n","protected":false},"author":1,"featured_media":0,"parent":0,"menu_order":0,"comment_status":"closed","ping_status":"closed","template":"","meta":{"_et_pb_use_builder":"on","_et_pb_old_content":"","_et_gb_content_width":"","footnotes":""},"class_list":["post-422","page","type-page","status-publish","hentry"],"_links":{"self":[{"href":"https:\/\/malin-lamparter.de\/startseite\/wp-json\/wp\/v2\/pages\/422","targetHints":{"allow":["GET"]}}],"collection":[{"href":"https:\/\/malin-lamparter.de\/startseite\/wp-json\/wp\/v2\/pages"}],"about":[{"href":"https:\/\/malin-lamparter.de\/startseite\/wp-json\/wp\/v2\/types\/page"}],"author":[{"embeddable":true,"href":"https:\/\/malin-lamparter.de\/startseite\/wp-json\/wp\/v2\/users\/1"}],"replies":[{"embeddable":true,"href":"https:\/\/malin-lamparter.de\/startseite\/wp-json\/wp\/v2\/comments?post=422"}],"version-history":[{"count":27,"href":"https:\/\/malin-lamparter.de\/startseite\/wp-json\/wp\/v2\/pages\/422\/revisions"}],"predecessor-version":[{"id":951,"href":"https:\/\/malin-lamparter.de\/startseite\/wp-json\/wp\/v2\/pages\/422\/revisions\/951"}],"wp:attachment":[{"href":"https:\/\/malin-lamparter.de\/startseite\/wp-json\/wp\/v2\/media?parent=422"}],"curies":[{"name":"wp","href":"https:\/\/api.w.org\/{rel}","templated":true}]}}