{"id":658,"date":"2022-11-21T23:23:31","date_gmt":"2022-11-21T23:23:31","guid":{"rendered":"https:\/\/malin-lamparter.de\/startseite\/?page_id=658"},"modified":"2022-11-21T23:24:11","modified_gmt":"2022-11-21T23:24:11","slug":"beretta","status":"publish","type":"page","link":"https:\/\/malin-lamparter.de\/startseite\/beretta\/","title":{"rendered":"beretta"},"content":{"rendered":"<p>[et_pb_section fb_built=&#8220;1&#8243; _builder_version=&#8220;4.19.1&#8243; _module_preset=&#8220;default&#8220; global_colors_info=&#8220;{}&#8220;][\/et_pb_section][et_pb_section fb_built=&#8220;1&#8243; disabled_on=&#8220;off|off|on&#8220; _builder_version=&#8220;4.16.1&#8243; _module_preset=&#8220;default&#8220; background_color=&#8220;#99BDD6&#8243; custom_margin=&#8220;0px||||false|false&#8220; custom_padding=&#8220;0px||0px||false|false&#8220; collapsed=&#8220;off&#8220; global_colors_info=&#8220;{}&#8220;][et_pb_row column_structure=&#8220;1_2&#8243; _builder_version=&#8220;4.16.1&#8243; _module_preset=&#8220;default&#8220; width=&#8220;98%&#8220; custom_padding=&#8220;0px||0px||true|false&#8220; global_colors_info=&#8220;{}&#8220;][et_pb_column type=&#8220;1_2&#8243; _builder_version=&#8220;4.16&#8243; _module_preset=&#8220;default&#8220; global_colors_info=&#8220;{}&#8220;][et_pb_text disabled_on=&#8220;off|off|on&#8220; _builder_version=&#8220;4.16.1&#8243; _module_preset=&#8220;default&#8220; text_font=&#8220;Lato|300|||||||&#8220; text_text_color=&#8220;#FFFF47&#8243; text_font_size=&#8220;20px&#8220; link_font=&#8220;Lato||||||||&#8220; link_text_color=&#8220;#FFFF47&#8243; background_color=&#8220;#99BDD6&#8243; text_orientation=&#8220;right&#8220; custom_margin=&#8220;0px||0px||true|false&#8220; custom_padding=&#8220;1px|10px|1px|10px|true|true&#8220; sticky_position=&#8220;top&#8220; sticky_transition=&#8220;off&#8220; border_width_all=&#8220;2px&#8220; border_color_all=&#8220;#FFFF47&#8243; global_colors_info=&#8220;{}&#8220; custom_margin__sticky_enabled=&#8220;on|desktop&#8220; custom_margin__sticky=&#8220;||||false|false&#8220;]<\/p>\n<p><a href=\"mailto:malin.lamparter@gmail.com\">malin.lamparter@gmail.com<\/a><\/p>\n<p>[\/et_pb_text][et_pb_text _builder_version=&#8220;4.16&#8243; _module_preset=&#8220;default&#8220; text_font=&#8220;Lato|700|||||||&#8220; text_text_color=&#8220;#FFFF47&#8243; text_font_size=&#8220;16px&#8220; background_color=&#8220;#99BDD6&#8243; text_orientation=&#8220;right&#8220; custom_margin=&#8220;0px||0px||true|false&#8220; custom_padding=&#8220;3px|10px|3px|10px|true|true&#8220; global_colors_info=&#8220;{}&#8220;]<\/p>\n<p>Malin Lamparter<br \/>Regie und Text<\/p>\n<p>[\/et_pb_text][et_pb_menu active_link_color=&#8220;#FFFF47&#8243; dropdown_menu_bg_color=&#8220;#99BDD6&#8243; dropdown_menu_line_color=&#8220;#D4DDED&#8220; dropdown_menu_text_color=&#8220;#F5F3F6&#8243; dropdown_menu_active_link_color=&#8220;#D4DDED&#8220; mobile_menu_bg_color=&#8220;#99BDD6&#8243; mobile_menu_text_color=&#8220;#F5F3F6&#8243; menu_icon_color=&#8220;#FFFF47&#8243; _builder_version=&#8220;4.16.1&#8243; _module_preset=&#8220;default&#8220; menu_font=&#8220;Lato||||||||&#8220; menu_text_color=&#8220;#00070C&#8220; background_color=&#8220;#99BDD6&#8243; sticky_position=&#8220;top&#8220; sticky_transition=&#8220;off&#8220; global_colors_info=&#8220;{}&#8220;][\/et_pb_menu][\/et_pb_column][\/et_pb_row][\/et_pb_section][et_pb_section fb_built=&#8220;1&#8243; _builder_version=&#8220;4.19.1&#8243; _module_preset=&#8220;default&#8220; background_color_gradient_start=&#8220;rgba(212,221,237,0.49)&#8220; background_color_gradient_end=&#8220;rgba(255,255,255,0)&#8220; background_image=&#8220;http:\/\/malin-lamparter.de\/wp-content\/uploads\/2022\/11\/IMG_2846-scaled.jpg&#8220; custom_padding=&#8220;300px||50px||false|false&#8220; global_colors_info=&#8220;{}&#8220;][et_pb_row _builder_version=&#8220;4.17.3&#8243; _module_preset=&#8220;default&#8220; global_colors_info=&#8220;{}&#8220;][et_pb_column type=&#8220;4_4&#8243; _builder_version=&#8220;4.17.3&#8243; _module_preset=&#8220;default&#8220; global_colors_info=&#8220;{}&#8220;][et_pb_button button_url=&#8220;https:\/\/malin-lamparter.de\/startseite\/&#8220; button_text=&#8220;Startseite&#8220; button_alignment=&#8220;left&#8220; disabled_on=&#8220;on|on|off&#8220; _builder_version=&#8220;4.19.1&#8243; _module_preset=&#8220;default&#8220; custom_button=&#8220;on&#8220; button_text_color=&#8220;#D4DDED&#8220; button_border_width=&#8220;1px&#8220; button_border_radius=&#8220;1px&#8220; button_font=&#8220;Lato|300|||||||&#8220; custom_margin=&#8220;-250px||||false|false&#8220; global_colors_info=&#8220;{}&#8220;][\/et_pb_button][\/et_pb_column][\/et_pb_row][et_pb_row column_structure=&#8220;1_2,1_2&#8243; _builder_version=&#8220;4.16&#8243; _module_preset=&#8220;default&#8220; global_colors_info=&#8220;{}&#8220;][et_pb_column type=&#8220;1_2&#8243; _builder_version=&#8220;4.16&#8243; _module_preset=&#8220;default&#8220; global_colors_info=&#8220;{}&#8220;][\/et_pb_column][et_pb_column type=&#8220;1_2&#8243; _builder_version=&#8220;4.16&#8243; _module_preset=&#8220;default&#8220; global_colors_info=&#8220;{}&#8220;][et_pb_text _builder_version=&#8220;4.19.1&#8243; _module_preset=&#8220;default&#8220; text_font=&#8220;Lato|300|||||||&#8220; text_text_color=&#8220;#00070C&#8220; text_font_size=&#8220;20px&#8220; text_letter_spacing=&#8220;1px&#8220; header_font=&#8220;Lato|300|||||||&#8220; header_text_color=&#8220;#00070C&#8220; header_font_size=&#8220;50px&#8220; header_letter_spacing=&#8220;2px&#8220; header_line_height=&#8220;1.1em&#8220; text_orientation=&#8220;right&#8220; global_colors_info=&#8220;{}&#8220;]<\/p>\n<h1>beretta, kaliber 22<\/h1>\n<p>Urauff\u00fchrung von Sarah Amanda Dulgeris<\/p>\n<p>[\/et_pb_text][\/et_pb_column][\/et_pb_row][\/et_pb_section][et_pb_section fb_built=&#8220;1&#8243; _builder_version=&#8220;4.19.1&#8243; _module_preset=&#8220;default&#8220; background_color=&#8220;#F5F3F6&#8243; global_colors_info=&#8220;{}&#8220;][et_pb_row column_structure=&#8220;3_5,2_5&#8243; _builder_version=&#8220;4.16.1&#8243; _module_preset=&#8220;default&#8220; width_tablet=&#8220;95%&#8220; width_phone=&#8220;99%&#8220; width_last_edited=&#8220;on|tablet&#8220; global_colors_info=&#8220;{}&#8220;][et_pb_column type=&#8220;3_5&#8243; _builder_version=&#8220;4.16&#8243; _module_preset=&#8220;default&#8220; global_colors_info=&#8220;{}&#8220;][et_pb_slider show_pagination=&#8220;off&#8220; _builder_version=&#8220;4.19.1&#8243; _module_preset=&#8220;default&#8220; background_enable_color=&#8220;off&#8220; custom_button=&#8220;on&#8220; button_text_size=&#8220;1px&#8220; min_height=&#8220;50vh&#8220; custom_margin=&#8220;30px||||false|false&#8220; custom_margin_tablet=&#8220;30px||||false|false&#8220; custom_margin_phone=&#8220;0px||||false|false&#8220; custom_margin_last_edited=&#8220;on|phone&#8220; global_colors_info=&#8220;{}&#8220;][et_pb_slide _builder_version=&#8220;4.19.1&#8243; _module_preset=&#8220;default&#8220; background_enable_color=&#8220;off&#8220; background_image=&#8220;http:\/\/malin-lamparter.de\/wp-content\/uploads\/2022\/11\/IMG_3402-scaled.jpg&#8220; background_enable_image=&#8220;on&#8220; global_colors_info=&#8220;{}&#8220; sticky_transition=&#8220;on&#8220;][\/et_pb_slide][et_pb_slide _builder_version=&#8220;4.19.1&#8243; _module_preset=&#8220;default&#8220; background_enable_color=&#8220;off&#8220; background_image=&#8220;http:\/\/malin-lamparter.de\/wp-content\/uploads\/2022\/11\/IMG_3438-scaled.jpg&#8220; background_enable_image=&#8220;on&#8220; global_colors_info=&#8220;{}&#8220; sticky_transition=&#8220;on&#8220;][\/et_pb_slide][et_pb_slide _builder_version=&#8220;4.19.1&#8243; _module_preset=&#8220;default&#8220; background_enable_color=&#8220;off&#8220; background_image=&#8220;http:\/\/malin-lamparter.de\/wp-content\/uploads\/2022\/11\/IMG_3108-scaled.jpg&#8220; background_enable_image=&#8220;on&#8220; global_colors_info=&#8220;{}&#8220; sticky_transition=&#8220;on&#8220;][\/et_pb_slide][et_pb_slide _builder_version=&#8220;4.19.1&#8243; _module_preset=&#8220;default&#8220; background_enable_color=&#8220;off&#8220; background_image=&#8220;http:\/\/malin-lamparter.de\/wp-content\/uploads\/2022\/11\/IMG_3252-scaled.jpg&#8220; background_enable_image=&#8220;on&#8220; global_colors_info=&#8220;{}&#8220; sticky_transition=&#8220;on&#8220;][\/et_pb_slide][et_pb_slide _builder_version=&#8220;4.19.1&#8243; _module_preset=&#8220;default&#8220; background_enable_color=&#8220;off&#8220; background_image=&#8220;http:\/\/malin-lamparter.de\/wp-content\/uploads\/2022\/11\/IMG_3234-scaled.jpg&#8220; background_enable_image=&#8220;on&#8220; global_colors_info=&#8220;{}&#8220; sticky_transition=&#8220;on&#8220;][\/et_pb_slide][et_pb_slide _builder_version=&#8220;4.19.1&#8243; _module_preset=&#8220;default&#8220; background_enable_color=&#8220;off&#8220; background_image=&#8220;http:\/\/malin-lamparter.de\/wp-content\/uploads\/2022\/11\/IMG_3021-scaled.jpg&#8220; background_enable_image=&#8220;on&#8220; global_colors_info=&#8220;{}&#8220; sticky_transition=&#8220;on&#8220;][\/et_pb_slide][\/et_pb_slider][\/et_pb_column][et_pb_column type=&#8220;2_5&#8243; _builder_version=&#8220;4.16&#8243; _module_preset=&#8220;default&#8220; global_colors_info=&#8220;{}&#8220;][et_pb_text _builder_version=&#8220;4.19.1&#8243; _module_preset=&#8220;default&#8220; text_font=&#8220;Lato|300|||||||&#8220; text_text_color=&#8220;#00070C&#8220; text_font_size=&#8220;18px&#8220; text_letter_spacing=&#8220;1px&#8220; text_line_height=&#8220;1.72em&#8220; custom_padding=&#8220;5px|5px|5px|5px|true|true&#8220; hover_enabled=&#8220;0&#8243; border_width_all=&#8220;2px&#8220; border_color_all=&#8220;#00070C&#8220; global_colors_info=&#8220;{}&#8220; sticky_enabled=&#8220;0&#8243;]<\/p>\n<p>Theater Koblenz \/\/ PB4<\/p>\n<p>Eine Urauff\u00fchrung \u00fcber den Fall Marianne Bachmeier und die gro\u00dfe Frage nach Rache, Recht und Gerechtigkeit.<\/p>\n<p>Premiere: 11. November 2022<\/p>\n<p>Regie: Malin Lamparter<\/p>\n<p>B\u00fchne und Kost\u00fcm: Kati Stubbe<\/p>\n<p>Dramaturgie: Caro Thum<\/p>\n<p>Mit: Jana Gwosdek, Jona Mues, Magdalena Pircher, Reinhard Riecke, Cynthia Thurat<\/p>\n<p>Fotos: Arek Glebocki f\u00fcr das Theater Koblenz<\/p>\n<p>[\/et_pb_text][\/et_pb_column][\/et_pb_row][et_pb_row _builder_version=&#8220;4.16.1&#8243; _module_preset=&#8220;default&#8220; width_tablet=&#8220;95%&#8220; width_phone=&#8220;99%&#8220; width_last_edited=&#8220;on|tablet&#8220; global_colors_info=&#8220;{}&#8220;][et_pb_column type=&#8220;4_4&#8243; _builder_version=&#8220;4.16&#8243; _module_preset=&#8220;default&#8220; global_colors_info=&#8220;{}&#8220;][et_pb_text _builder_version=&#8220;4.19.1&#8243; _module_preset=&#8220;default&#8220; text_font=&#8220;Lato|300|||||||&#8220; text_text_color=&#8220;#00070C&#8220; text_font_size=&#8220;18px&#8220; text_letter_spacing=&#8220;1px&#8220; text_line_height=&#8220;1.72em&#8220; custom_padding=&#8220;5px|5px|5px|5px|true|true&#8220; border_width_all=&#8220;2px&#8220; border_color_all=&#8220;#00070C&#8220; global_colors_info=&#8220;{}&#8220;]<\/p>\n<p>Am Beispiel des ber\u00fchmten Kriminalfalls untersucht die Inszenierung die Differenz zwischen Recht und empfundener Gerechtigkeit. Zudem geht sie den Fragen nach, inwieweit der Vertrauensverlust in eine klassistisch gepr\u00e4gte Justiz Marianne Bachmeiers Tat mit verursacht hat und ob T\u00e4terschaft das Recht verwirkt, auch Opfer zu sein.<\/p>\n<p>Vor allem aber begleitet das St\u00fcck mit gro\u00dfer Empathie den Kampf um Selbstwirksamkeit einer Frau, die erst ihr Kind verlor, dann t\u00f6tete und danach nicht nur einer emotional gleichg\u00fcltigen Justiz, sondern auch einer gnadenlosen Exponierung und Beurteilung durch die Presse und der \u00d6ffentlichkeit ausgesetzt war.<\/p>\n<p>[\/et_pb_text][\/et_pb_column][\/et_pb_row][\/et_pb_section]<\/p>\n","protected":false},"excerpt":{"rendered":"<p>malin.lamparter@gmail.comMalin LamparterRegie und Textberetta, kaliber 22 Urauff\u00fchrung von Sarah Amanda DulgerisTheater Koblenz \/\/ PB4 Eine Urauff\u00fchrung \u00fcber den Fall Marianne Bachmeier und die gro\u00dfe Frage nach Rache, Recht und Gerechtigkeit. Premiere: 11. November 2022 Regie: Malin Lamparter B\u00fchne und Kost\u00fcm: Kati Stubbe Dramaturgie: Caro Thum Mit: Jana Gwosdek, Jona Mues, Magdalena Pircher, Reinhard Riecke, Cynthia [&hellip;]<\/p>\n","protected":false},"author":1,"featured_media":0,"parent":0,"menu_order":0,"comment_status":"closed","ping_status":"closed","template":"","meta":{"_et_pb_use_builder":"on","_et_pb_old_content":"","_et_gb_content_width":"","footnotes":""},"class_list":["post-658","page","type-page","status-publish","hentry"],"_links":{"self":[{"href":"https:\/\/malin-lamparter.de\/startseite\/wp-json\/wp\/v2\/pages\/658","targetHints":{"allow":["GET"]}}],"collection":[{"href":"https:\/\/malin-lamparter.de\/startseite\/wp-json\/wp\/v2\/pages"}],"about":[{"href":"https:\/\/malin-lamparter.de\/startseite\/wp-json\/wp\/v2\/types\/page"}],"author":[{"embeddable":true,"href":"https:\/\/malin-lamparter.de\/startseite\/wp-json\/wp\/v2\/users\/1"}],"replies":[{"embeddable":true,"href":"https:\/\/malin-lamparter.de\/startseite\/wp-json\/wp\/v2\/comments?post=658"}],"version-history":[{"count":6,"href":"https:\/\/malin-lamparter.de\/startseite\/wp-json\/wp\/v2\/pages\/658\/revisions"}],"predecessor-version":[{"id":675,"href":"https:\/\/malin-lamparter.de\/startseite\/wp-json\/wp\/v2\/pages\/658\/revisions\/675"}],"wp:attachment":[{"href":"https:\/\/malin-lamparter.de\/startseite\/wp-json\/wp\/v2\/media?parent=658"}],"curies":[{"name":"wp","href":"https:\/\/api.w.org\/{rel}","templated":true}]}}