{"id":905,"date":"2024-12-01T23:21:41","date_gmt":"2024-12-01T23:21:41","guid":{"rendered":"https:\/\/malin-lamparter.de\/startseite\/?page_id=905"},"modified":"2025-03-20T14:07:34","modified_gmt":"2025-03-20T14:07:34","slug":"gelbes-gold","status":"publish","type":"page","link":"https:\/\/malin-lamparter.de\/startseite\/gelbes-gold\/","title":{"rendered":"Gelbes Gold"},"content":{"rendered":"<p>[et_pb_section fb_built=&#8220;1&#8243; disabled_on=&#8220;off|off|on&#8220; _builder_version=&#8220;4.16.1&#8243; _module_preset=&#8220;default&#8220; background_color=&#8220;#99BDD6&#8243; custom_margin=&#8220;0px||||false|false&#8220; custom_padding=&#8220;0px||0px||false|false&#8220; collapsed=&#8220;off&#8220; global_colors_info=&#8220;{}&#8220;][et_pb_row column_structure=&#8220;1_2&#8243; _builder_version=&#8220;4.16.1&#8243; _module_preset=&#8220;default&#8220; width=&#8220;98%&#8220; custom_padding=&#8220;0px||0px||true|false&#8220; global_colors_info=&#8220;{}&#8220;][et_pb_column type=&#8220;1_2&#8243; _builder_version=&#8220;4.16&#8243; _module_preset=&#8220;default&#8220; global_colors_info=&#8220;{}&#8220;][et_pb_text disabled_on=&#8220;off|off|on&#8220; _builder_version=&#8220;4.16.1&#8243; _module_preset=&#8220;default&#8220; text_font=&#8220;Lato|300|||||||&#8220; text_text_color=&#8220;#FFFF47&#8243; text_font_size=&#8220;20px&#8220; link_font=&#8220;Lato||||||||&#8220; link_text_color=&#8220;#FFFF47&#8243; background_color=&#8220;#99BDD6&#8243; text_orientation=&#8220;right&#8220; custom_margin=&#8220;0px||0px||true|false&#8220; custom_padding=&#8220;1px|10px|1px|10px|true|true&#8220; sticky_position=&#8220;top&#8220; sticky_transition=&#8220;off&#8220; border_width_all=&#8220;2px&#8220; border_color_all=&#8220;#FFFF47&#8243; global_colors_info=&#8220;{}&#8220; custom_margin__sticky_enabled=&#8220;on|desktop&#8220; custom_margin__sticky=&#8220;||||false|false&#8220;]<\/p>\n<p><a href=\"mailto:malin.lamparter@gmail.com\">malin.lamparter@gmail.com<\/a><\/p>\n<p>[\/et_pb_text][et_pb_text _builder_version=&#8220;4.16&#8243; _module_preset=&#8220;default&#8220; text_font=&#8220;Lato|700|||||||&#8220; text_text_color=&#8220;#FFFF47&#8243; text_font_size=&#8220;16px&#8220; background_color=&#8220;#99BDD6&#8243; text_orientation=&#8220;right&#8220; custom_margin=&#8220;0px||0px||true|false&#8220; custom_padding=&#8220;3px|10px|3px|10px|true|true&#8220; global_colors_info=&#8220;{}&#8220;]<\/p>\n<p>Malin Lamparter<br \/>Regie und Text<\/p>\n<p>[\/et_pb_text][et_pb_menu active_link_color=&#8220;#FFFF47&#8243; dropdown_menu_bg_color=&#8220;#99BDD6&#8243; dropdown_menu_line_color=&#8220;#D4DDED&#8220; dropdown_menu_text_color=&#8220;#F5F3F6&#8243; dropdown_menu_active_link_color=&#8220;#D4DDED&#8220; mobile_menu_bg_color=&#8220;#99BDD6&#8243; mobile_menu_text_color=&#8220;#F5F3F6&#8243; menu_icon_color=&#8220;#FFFF47&#8243; _builder_version=&#8220;4.16.1&#8243; _module_preset=&#8220;default&#8220; menu_font=&#8220;Lato||||||||&#8220; menu_text_color=&#8220;#00070C&#8220; background_color=&#8220;#99BDD6&#8243; sticky_position=&#8220;top&#8220; sticky_transition=&#8220;off&#8220; global_colors_info=&#8220;{}&#8220;][\/et_pb_menu][\/et_pb_column][\/et_pb_row][\/et_pb_section][et_pb_section fb_built=&#8220;1&#8243; _builder_version=&#8220;4.27.4&#8243; _module_preset=&#8220;default&#8220; background_color_gradient_start=&#8220;rgba(0,7,12,0.69)&#8220; background_color_gradient_end=&#8220;rgba(255,255,255,0)&#8220; background_image=&#8220;https:\/\/malin-lamparter.de\/wp-content\/uploads\/2024\/12\/gelbesgold_72dpi_c_christian_schuller-7.jpg&#8220; custom_padding=&#8220;250px||50px||false|false&#8220; collapsed=&#8220;on&#8220; global_colors_info=&#8220;{}&#8220;][et_pb_row _builder_version=&#8220;4.17.3&#8243; _module_preset=&#8220;default&#8220; global_colors_info=&#8220;{}&#8220;][et_pb_column type=&#8220;4_4&#8243; _builder_version=&#8220;4.17.3&#8243; _module_preset=&#8220;default&#8220; global_colors_info=&#8220;{}&#8220;][et_pb_button button_url=&#8220;https:\/\/malin-lamparter.de\/startseite\/&#8220; button_text=&#8220;Startseite&#8220; button_alignment=&#8220;left&#8220; disabled_on=&#8220;on|on|off&#8220; _builder_version=&#8220;4.17.3&#8243; _module_preset=&#8220;default&#8220; custom_button=&#8220;on&#8220; button_text_color=&#8220;#FFFF47&#8243; button_border_width=&#8220;1px&#8220; button_border_radius=&#8220;1px&#8220; button_font=&#8220;Lato|300|||||||&#8220; custom_margin=&#8220;-250px||||false|false&#8220; global_colors_info=&#8220;{}&#8220;][\/et_pb_button][\/et_pb_column][\/et_pb_row][et_pb_row column_structure=&#8220;1_2,1_2&#8243; _builder_version=&#8220;4.16&#8243; _module_preset=&#8220;default&#8220; global_colors_info=&#8220;{}&#8220;][et_pb_column type=&#8220;1_2&#8243; _builder_version=&#8220;4.16&#8243; _module_preset=&#8220;default&#8220; global_colors_info=&#8220;{}&#8220;][et_pb_text _builder_version=&#8220;4.27.4&#8243; _module_preset=&#8220;default&#8220; text_font=&#8220;Lato|300|||||||&#8220; text_text_color=&#8220;#00070C&#8220; text_font_size=&#8220;25px&#8220; text_letter_spacing=&#8220;1px&#8220; header_font=&#8220;Lato|300|||||||&#8220; header_text_align=&#8220;left&#8220; header_text_color=&#8220;#00070C&#8220; header_font_size=&#8220;55px&#8220; header_letter_spacing=&#8220;3px&#8220; header_line_height=&#8220;1.1em&#8220; background_enable_color=&#8220;off&#8220; background_color_gradient_start=&#8220;#00070c&#8220; background_color_gradient_end=&#8220;rgba(255,255,255,0)&#8220; global_colors_info=&#8220;{}&#8220;]<\/p>\n<h1>Gelbes Gold<\/h1>\n<p>Fabienne D\u00fcr<\/p>\n<p>[\/et_pb_text][\/et_pb_column][et_pb_column type=&#8220;1_2&#8243; _builder_version=&#8220;4.16&#8243; _module_preset=&#8220;default&#8220; global_colors_info=&#8220;{}&#8220;][\/et_pb_column][\/et_pb_row][\/et_pb_section][et_pb_section fb_built=&#8220;1&#8243; _builder_version=&#8220;4.27.4&#8243; _module_preset=&#8220;default&#8220; background_color=&#8220;#F5F3F6&#8243; global_colors_info=&#8220;{}&#8220;][et_pb_row column_structure=&#8220;3_5,2_5&#8243; _builder_version=&#8220;4.16.1&#8243; _module_preset=&#8220;default&#8220; width_tablet=&#8220;95%&#8220; width_phone=&#8220;99%&#8220; width_last_edited=&#8220;on|phone&#8220; global_colors_info=&#8220;{}&#8220;][et_pb_column type=&#8220;3_5&#8243; _builder_version=&#8220;4.16&#8243; _module_preset=&#8220;default&#8220; global_colors_info=&#8220;{}&#8220;][et_pb_slider show_pagination=&#8220;off&#8220; _builder_version=&#8220;4.27.4&#8243; _module_preset=&#8220;default&#8220; background_enable_color=&#8220;off&#8220; custom_button=&#8220;on&#8220; button_text_size=&#8220;1px&#8220; min_height=&#8220;50vh&#8220; global_colors_info=&#8220;{}&#8220;][et_pb_slide _builder_version=&#8220;4.27.4&#8243; _module_preset=&#8220;default&#8220; background_enable_color=&#8220;off&#8220; background_image=&#8220;https:\/\/malin-lamparter.de\/wp-content\/uploads\/2024\/12\/gelbesgold_72dpi_c_christian_schuller-5.jpg&#8220; background_enable_image=&#8220;on&#8220; global_colors_info=&#8220;{}&#8220; sticky_transition=&#8220;on&#8220;][\/et_pb_slide][et_pb_slide _builder_version=&#8220;4.27.4&#8243; _module_preset=&#8220;default&#8220; background_enable_color=&#8220;off&#8220; background_image=&#8220;https:\/\/malin-lamparter.de\/wp-content\/uploads\/2024\/12\/gelbesgold_72dpi_c_christian_schuller-3.jpg&#8220; background_enable_image=&#8220;on&#8220; global_colors_info=&#8220;{}&#8220; sticky_transition=&#8220;on&#8220;][\/et_pb_slide][et_pb_slide _builder_version=&#8220;4.27.4&#8243; _module_preset=&#8220;default&#8220; background_enable_color=&#8220;off&#8220; background_image=&#8220;https:\/\/malin-lamparter.de\/wp-content\/uploads\/2024\/12\/gelbesgold_72dpi_c_christian_schuller-1.jpg&#8220; background_enable_image=&#8220;on&#8220; global_colors_info=&#8220;{}&#8220; sticky_transition=&#8220;on&#8220;][\/et_pb_slide][\/et_pb_slider][\/et_pb_column][et_pb_column type=&#8220;2_5&#8243; _builder_version=&#8220;4.16&#8243; _module_preset=&#8220;default&#8220; global_colors_info=&#8220;{}&#8220;][et_pb_text _builder_version=&#8220;4.27.4&#8243; _module_preset=&#8220;default&#8220; text_font=&#8220;Lato|300|||||||&#8220; text_text_color=&#8220;#00070C&#8220; text_font_size=&#8220;18px&#8220; text_letter_spacing=&#8220;1px&#8220; custom_padding=&#8220;5px|5px|5px|5px|true|true&#8220; hover_enabled=&#8220;0&#8243; border_width_all=&#8220;2px&#8220; border_color_all=&#8220;#FFFF47&#8243; global_colors_info=&#8220;{}&#8220; sticky_enabled=&#8220;0&#8243;]<\/p>\n<p>Stadttheater Gie\u00dfen<\/p>\n<p>Premiere: 26. Januar 2024<\/p>\n<p>Regie: Malin Lamparter<\/p>\n<p>B\u00fchne und Kost\u00fcm: Kati Stubbe<\/p>\n<p>Dramaturgie: Abinav Sawhney<\/p>\n<p>Mit: Nina Plagens, Roman Kurz, Carolin Weber, Trang D\u00f4ng, Anica Haubrich, Kohanna Lehnert, Yannick Dreher<\/p>\n<p>Wiederaufnahme in der Spielzeit 2024\/2025<\/p>\n<p>Nomieniert f\u00fcr den <a href=\"https:\/\/www.theaterheidelberg.de\/de\/produktionen\/16401-gelbes-gold\">Nachspielpreis des Heidelberger St\u00fcckemarktes<\/a> 2025<\/p>\n<p><a href=\"https:\/\/stadttheater-giessen.de\/de\/archiv\/veranstaltungen\/gelbes-gold\/\">Link zur Seite des Stadttheaters Gie\u00dfen<\/a><\/p>\n<p>[\/et_pb_text][\/et_pb_column][\/et_pb_row][et_pb_row column_structure=&#8220;2_5,3_5&#8243; _builder_version=&#8220;4.16.1&#8243; _module_preset=&#8220;default&#8220; width_tablet=&#8220;95%&#8220; width_phone=&#8220;99%&#8220; width_last_edited=&#8220;on|tablet&#8220; global_colors_info=&#8220;{}&#8220;][et_pb_column type=&#8220;2_5&#8243; _builder_version=&#8220;4.16&#8243; _module_preset=&#8220;default&#8220; global_colors_info=&#8220;{}&#8220;][et_pb_text _builder_version=&#8220;4.27.4&#8243; _module_preset=&#8220;default&#8220; text_font=&#8220;Lato|300|||||||&#8220; text_text_color=&#8220;#00070C&#8220; text_font_size=&#8220;18px&#8220; text_line_height=&#8220;1.8em&#8220; custom_padding=&#8220;5px|5px|5px|5px|true|true&#8220; border_width_all=&#8220;2px&#8220; border_color_all=&#8220;#99BDD6&#8243; global_colors_info=&#8220;{}&#8220;]<\/p>\n<p>Kurz vor ihrem Studienabschluss in der Gro\u00dfstadt kommt Ana zur\u00fcck in ihren Heimatort. Hier betreibt ihr Vater Fritz inmitten einer Plattensiedlung mit gro\u00dfer Hingabe eine mehr schlecht als recht laufende Pommesbude \u2013 auf der manischen Suche nach der perfekten Pommes-Zubereitung. Seine Lebensgef\u00e4hrtin Mimi, Aushilfe im Imbiss, zeigt f\u00fcr diese verzweifelte Goldsuche nur wenig Verst\u00e4ndnis, hat sie sich doch ein anderes Leben erhofft. \u00c4hnliches gilt f\u00fcr Juli, Anas alte Freundin, die nie rausgekommen ist.<\/p>\n<p>[\/et_pb_text][\/et_pb_column][et_pb_column type=&#8220;3_5&#8243; _builder_version=&#8220;4.16&#8243; _module_preset=&#8220;default&#8220; global_colors_info=&#8220;{}&#8220;][et_pb_slider show_pagination=&#8220;off&#8220; _builder_version=&#8220;4.27.4&#8243; _module_preset=&#8220;default&#8220; background_enable_color=&#8220;off&#8220; custom_button=&#8220;on&#8220; button_text_size=&#8220;1px&#8220; min_height=&#8220;50vh&#8220; global_colors_info=&#8220;{}&#8220;][et_pb_slide _builder_version=&#8220;4.27.4&#8243; _module_preset=&#8220;default&#8220; background_enable_color=&#8220;off&#8220; background_image=&#8220;https:\/\/malin-lamparter.de\/wp-content\/uploads\/2024\/12\/gelbesgold_72dpi_c_christian_schuller-9.jpg&#8220; background_enable_image=&#8220;on&#8220; global_colors_info=&#8220;{}&#8220; sticky_transition=&#8220;on&#8220;][\/et_pb_slide][et_pb_slide _builder_version=&#8220;4.27.4&#8243; _module_preset=&#8220;default&#8220; background_enable_color=&#8220;off&#8220; background_image=&#8220;https:\/\/malin-lamparter.de\/wp-content\/uploads\/2024\/12\/gelbesgold_72dpi_c_christian_schuller-2.jpg&#8220; background_enable_image=&#8220;on&#8220; global_colors_info=&#8220;{}&#8220; sticky_transition=&#8220;on&#8220;][\/et_pb_slide][\/et_pb_slider][\/et_pb_column][\/et_pb_row][et_pb_row _builder_version=&#8220;4.16.1&#8243; _module_preset=&#8220;default&#8220; width_tablet=&#8220;95%&#8220; width_phone=&#8220;99%&#8220; width_last_edited=&#8220;on|tablet&#8220; global_colors_info=&#8220;{}&#8220;][et_pb_column type=&#8220;4_4&#8243; _builder_version=&#8220;4.16&#8243; _module_preset=&#8220;default&#8220; global_colors_info=&#8220;{}&#8220;][et_pb_text _builder_version=&#8220;4.27.4&#8243; _module_preset=&#8220;default&#8220; text_font=&#8220;Lato|300|||||||&#8220; text_text_color=&#8220;#00070C&#8220; text_font_size=&#8220;18px&#8220; text_line_height=&#8220;1.8em&#8220; custom_padding=&#8220;5px|5px|5px|5px|true|true&#8220; hover_enabled=&#8220;0&#8243; border_width_all=&#8220;2px&#8220; border_color_all=&#8220;#99BDD6&#8243; global_colors_info=&#8220;{}&#8220; sticky_enabled=&#8220;0&#8243;]<\/p>\n<p>Pressestimmen:<\/p>\n<p><a href=\"https:\/\/www.heidelberger-stueckemarkt.nachtkritik.de\/nachspielpreis\/gelbes-gold-fabienne-duer\">Pommes sind f\u00fcr Alle da<\/a> &#8211; Interview mit nachtkritik zur Inszenierung<\/p>\n<p>Regiestudentin Malin Lamparter schlie\u00dft mit dieser Inszenierung um Identit\u00e4t und Vertreibung ihre Ausbildung ab. Und sie liefert ein schwungvolles, lebendiges und originelles St\u00fcck Theater, das vom Publikum begeistert angenommen wurde.<br \/>(Gie\u00dfener Anzeiger)<\/p>\n<p>Die beiden [Pommest\u00fcten-Statistinnen] sind es auch, die die flotte Inszenierung am Laufen halten, setzen sie den ausgekl\u00fcgelten Kubus von Ausstatterin Kati Stubbe immer wieder mit Schwung in Bewegung. Die raffinierte Spielfl\u00e4che bietet Platz f\u00fcr die unterschiedlichen Begegnungsr\u00e4ume: die Imbissstube, die Wohnung, irgendwo drau\u00dfen im Gr\u00fcnen.<br \/>(Gie\u00dfener Allgemeine Zeitung)<\/p>\n<p>&nbsp;<\/p>\n<p>[\/et_pb_text][\/et_pb_column][\/et_pb_row][\/et_pb_section]<\/p>\n","protected":false},"excerpt":{"rendered":"<p>malin.lamparter@gmail.comMalin LamparterRegie und TextGelbes Gold Fabienne D\u00fcrStadttheater Gie\u00dfen Premiere: 26. Januar 2024 Regie: Malin Lamparter B\u00fchne und Kost\u00fcm: Kati Stubbe Dramaturgie: Abinav Sawhney Mit: Nina Plagens, Roman Kurz, Carolin Weber, Trang D\u00f4ng, Anica Haubrich, Kohanna Lehnert, Yannick Dreher Wiederaufnahme in der Spielzeit 2024\/2025 Nomieniert f\u00fcr den Nachspielpreis des Heidelberger St\u00fcckemarktes 2025 Link zur Seite des [&hellip;]<\/p>\n","protected":false},"author":1,"featured_media":0,"parent":0,"menu_order":0,"comment_status":"closed","ping_status":"closed","template":"","meta":{"_et_pb_use_builder":"on","_et_pb_old_content":"","_et_gb_content_width":"","footnotes":""},"class_list":["post-905","page","type-page","status-publish","hentry"],"_links":{"self":[{"href":"https:\/\/malin-lamparter.de\/startseite\/wp-json\/wp\/v2\/pages\/905","targetHints":{"allow":["GET"]}}],"collection":[{"href":"https:\/\/malin-lamparter.de\/startseite\/wp-json\/wp\/v2\/pages"}],"about":[{"href":"https:\/\/malin-lamparter.de\/startseite\/wp-json\/wp\/v2\/types\/page"}],"author":[{"embeddable":true,"href":"https:\/\/malin-lamparter.de\/startseite\/wp-json\/wp\/v2\/users\/1"}],"replies":[{"embeddable":true,"href":"https:\/\/malin-lamparter.de\/startseite\/wp-json\/wp\/v2\/comments?post=905"}],"version-history":[{"count":3,"href":"https:\/\/malin-lamparter.de\/startseite\/wp-json\/wp\/v2\/pages\/905\/revisions"}],"predecessor-version":[{"id":946,"href":"https:\/\/malin-lamparter.de\/startseite\/wp-json\/wp\/v2\/pages\/905\/revisions\/946"}],"wp:attachment":[{"href":"https:\/\/malin-lamparter.de\/startseite\/wp-json\/wp\/v2\/media?parent=905"}],"curies":[{"name":"wp","href":"https:\/\/api.w.org\/{rel}","templated":true}]}}